{"id":4910,"date":"2023-12-27T06:50:12","date_gmt":"2023-12-27T06:50:12","guid":{"rendered":"https:\/\/www.1edotech.com\/?page_id=4910"},"modified":"2024-06-24T08:04:59","modified_gmt":"2024-06-24T08:04:59","slug":"lang","status":"publish","type":"page","link":"https:\/\/1edotech.com\/br\/lang\/","title":{"rendered":"Linguagem Web"},"content":{"rendered":"<div data-elementor-type=\"wp-page\" data-elementor-id=\"4910\" class=\"elementor elementor-4910\">\n\t\t\t\t\t\t<section class=\"elementor-section elementor-top-section elementor-element elementor-element-442ccefb elementor-section-boxed elementor-section-height-default elementor-section-height-default\" data-id=\"442ccefb\" data-element_type=\"section\" data-e-type=\"section\" data-settings=\"{&quot;background_background&quot;:&quot;classic&quot;}\">\n\t\t\t\t\t\t<div class=\"elementor-container elementor-column-gap-default\">\n\t\t\t\t\t<div class=\"elementor-column elementor-col-100 elementor-top-column elementor-element elementor-element-241b23a8\" data-id=\"241b23a8\" data-element_type=\"column\" data-e-type=\"column\">\n\t\t\t<div class=\"elementor-widget-wrap elementor-element-populated\">\n\t\t\t\t\t\t<div class=\"elementor-element elementor-element-1cfc7587 elementor-widget elementor-widget-text-editor\" data-id=\"1cfc7587\" data-element_type=\"widget\" data-e-type=\"widget\" data-widget_type=\"text-editor.default\">\n\t\t\t\t<div class=\"elementor-widget-container\">\n\t\t\t\t\t\t\t\t\t<h1><strong>\u00a0<\/strong><\/h1><h2><strong>Escolha o seu pa\u00eds ou a sua regi\u00e3o<\/strong><\/h1><div><strong>\u00a0<\/strong><\/div><h2>\u00c1frica, M\u00e9dio Oriente e \u00cdndia<\/h2><p><a href=\"\/\">OQatar \/ Ingl\u00eas<\/a><\/p><p><a href=\"\/in\/\">\u00cdndia \/ Ingl\u00eas<\/a><\/p><p><a href=\"\/ar\/\">Ar\u00e1bia Saudita \/ Ingl\u00eas<\/a><\/p><p><a style=\"text-align: var(--text-align);\" href=\"\/ae-ar\/\">Outros pa\u00edses do M\u00e9dio<\/a><br \/><a style=\"text-align: var(--text-align);\" href=\"\/ae-ar\/\">Leste e \u00c1frica \/ Ingl\u00eas<\/a><\/p><p><a href=\"\/za\/\">\u00c1frica do Sul \/ Ingl\u00eas<\/a><\/p><p><a href=\"\/ae-ar\/\">Emirados \u00c1rabes Unidos \/ Ingl\u00eas<\/a><\/p><h2>\u00c1sia-Pac\u00edfico<\/h2><p><a href=\"\/cn\/\">\u4e2d\u56fd\u5927\u9646 \/ \u7b80\u4f53\u4e2d\u6587<\/a><br \/><a href=\"\/\">Filipinas \/ Ingl\u00eas<\/a><br \/><a href=\"\/\">Singapura \/ Ingl\u00eas<\/a><br \/><a href=\"\/au\/\">Austr\u00e1lia \/ Ingl\u00eas<\/a><\/p><p><a href=\"\/tw\/\">\u4e2d\u56fd\u53f0\u6e7e \/ \u7e41\u9ad4\u4e2d\u6587<\/a><br \/><a href=\"\/id\/\">Indon\u00e9sia \/ Ingl\u00eas<\/a><br \/><a href=\"\/vn\/\">Vietn\u00e3 \/ Ti\u1ebfng Vi\u1ec7t<\/a><br \/><a href=\"\/nz\/\">Nova Zel\u00e2ndia \/ Ingl\u00eas<\/a><\/p><p><a href=\"\/hk\/\">\u4e2d\u56fd\u9999\u6e2f \/ \u7e41\u9ad4\u4e2d\u6587<\/a><br \/><a href=\"\/th\/\">\u0e1b\u0e23\u0e30\u0e40\u0e17\u0e28\u0e44\u0e17\u0e22 \/ \u0e44\u0e17\u0e22<\/a><br \/><a href=\"\/jp\/\">Jap\u00e3o japones<\/a><\/p><p><a href=\"\/\">Hong Kong, China \/ Ingl\u00eas<\/a><br \/><a href=\"\/my\/\">Mal\u00e1sia \/ Ingl\u00eas<\/a><br \/><a href=\"\/kr\/\">\ud55c\uad6d \/ \ud55c\uad6d\uc5b4<\/a><\/p><h2>Europa<\/h2><p><a href=\"\/be-fr\/\">B\u00e9lgica \/ Fran\u00e7ais<\/a><br \/><a href=\"\/es\/\">Espa\u00f1ol \/ Espa\u00f1ol<\/a><br \/><a href=\"\/\">Kuwait \/ Ingl\u00eas<\/a><br \/><a href=\"\/fi\/\">Suomi \/ Suomi<\/a><br \/><a href=\"\/at\/\">est\u00e9reo \/ alem\u00e3o<\/a><br \/><a href=\"\/fr\/\">Su\u00ed\u00e7o \/ Franc\u00eas <\/a><\/p><p><a href=\"\/be\/\">B\u00e9lgica \/ Holanda<\/a><br \/><a href=\"\/fr\/\">Fran\u00e7a \/ Franc\u00eas<\/a><br \/><a href=\"\/\">Holanda \/ Holanda<\/a><br \/><a href=\"\/se\/\">Sverige \/ Svenska<\/a><br \/><a href=\"\/cz\/\">\u010cesk\u00e1 rep\u00fablica \/ \u010ce\u0161tina<\/a><br \/><a href=\"\/it\/\">Su\u00ed\u00e7a\/It\u00e1lia<\/a><\/p><p><a href=\"\/dk\/\">Dinamarca \/ Dinamarqu\u00eas<\/a><br \/><a href=\"\/hu\/\">Hungria \/ H\u00fangaro<\/a><br \/><a href=\"\/no\/\">Noruega \/ Norsk<\/a><br \/><a href=\"\/tr\/\">Turquia \/ Turquia<\/a><br \/><a href=\"\/gr\/\">\u0395\u03bb\u03bb\u03ac\u03b4\u03b1 \/ \u0395\u03bb\u03bb\u03b7\u03bd\u03b9\u03ba\u03ac<\/a><br \/><a href=\"\/\">Su\u00ed\u00e7a \/ Ingl\u00eas<\/a><\/p><p><a href=\"\/de\/\">Alemanha \/ Alem\u00e3o<\/a><br \/><a href=\"\/it\/\">It\u00e1lia \/ Italiano<\/a><br \/><a href=\"\/pl\/\">Polska \/ Polski<\/a><br \/><a href=\"\/uk\/\">Reino Unido \/ Ingl\u00eas<\/a><br \/><a href=\"\/de\/\">Su\u00ed\u00e7o \/ Alem\u00e3o<\/a><\/p><h2>\u00a0<\/h2><h2>Am\u00e9rica Latina e Caribe<\/h2><p><a href=\"\/\">Am\u00e9rica Latina \/ Ingl\u00eas<\/a><\/p><p><a href=\"\/my\/\">M\u00e9xico \/ Espanhol <\/a><\/p><h2>Am\u00e9rica<\/h2><p><a href=\"\/ar\/\">Argentina \/ Espanhol<\/a><br \/><a style=\"text-align: var(--text-align);\" href=\"\/ca-fr\/\">Canad\u00e1 \/ Franc\u00eas<\/a><\/p><p><a href=\"\/br\/\">Brasil \/ Portugu\u00eas<\/a><\/p><p><a href=\"\/\">Estados Unidos \/ Ingl\u00eas<\/a><\/p><p><a href=\"\/ca\/\">Canad\u00e1 \/ Ingl\u00eas<\/a><\/p>\t\t\t\t\t\t\t\t<\/div>\n\t\t\t\t<\/div>\n\t\t\t\t\t<\/div>\n\t\t<\/div>\n\t\t\t\t\t<\/div>\n\t\t<\/section>\n\t\t\t\t<\/div>","protected":false},"excerpt":{"rendered":"<p>\u00a0 Escolha seu pa\u00eds ou regi\u00e3o \u00c1frica, Oriente M\u00e9dio e \u00cdndia OQatar \/ Ingl\u00eas \u00cdndia \/ Ingl\u00eas Ar\u00e1bia Saudita \/ Ingl\u00eas Outros pa\u00edses do Oriente M\u00e9dio e \u00c1frica \/ Ingl\u00eas \u00c1frica do Sul \/ Ingl\u00eas Emirados \u00c1rabes Unidos \/ Ingl\u00eas \u00c1sia-Pac\u00edfico \u4e2d\u56fd\u5927\u9646 \/ \u7b80\u4f53\u4e2d\u6587Filipinas \/ Ingl\u00easSingapura \/ Ingl\u00easAustr\u00e1lia \/ Ingl\u00eas \u4e2d\u56fd\u53f0\u6e7e \/\u7e41\u9ad4\u4e2d\u6587Indon\u00e9sia \/ Ingl\u00easVi\u1ec7t [\u2026]<\/p>","protected":false},"author":8,"featured_media":0,"parent":0,"menu_order":0,"comment_status":"closed","ping_status":"closed","template":"elementor_header_footer","meta":{"footnotes":""},"class_list":["post-4910","page","type-page","status-publish","hentry"],"yoast_head":"<!-- This site is optimized with the Yoast SEO Premium plugin v22.8 (Yoast SEO v26.8) - https:\/\/yoast.com\/product\/yoast-seo-premium-wordpress\/ -->\n<title>Web Language - 1edo design<\/title>\n<meta name=\"robots\" content=\"index, follow, max-snippet:-1, max-image-preview:large, max-video-preview:-1\" \/>\n<link rel=\"canonical\" href=\"https:\/\/hk.1edotech.com\/lang\/\" \/>\n<meta property=\"og:locale\" content=\"pt_BR\" \/>\n<meta property=\"og:type\" content=\"article\" \/>\n<meta property=\"og:title\" content=\"Web Language\" \/>\n<meta property=\"og:description\" content=\"\u00a0 Choose Your Country or Region \u00a0 Africa, Middle East and India OQatar \/ English India \/ English Saudi Arabia \/ English Other countries in the MiddleEast and Africa \/ English South Africa \/ English United Arab Emirates \/ English Asia-Pacific \u4e2d\u56fd\u5927\u9646 \/ \u7b80\u4f53\u4e2d\u6587Philippines \/ EnglishSingapore \/ EnglishAustralia \/ English \u4e2d\u56fd\u53f0\u6e7e \/ \u7e41\u9ad4\u4e2d\u6587Indonesia \/ EnglishVi\u1ec7t [&hellip;]\" \/>\n<meta property=\"og:url\" content=\"https:\/\/hk.1edotech.com\/lang\/\" \/>\n<meta property=\"og:site_name\" content=\"1edo design\" \/>\n<meta property=\"article:modified_time\" content=\"2024-06-24T08:04:59+00:00\" \/>\n<meta name=\"twitter:card\" content=\"summary_large_image\" \/>\n<meta name=\"twitter:label1\" content=\"Est. tempo de leitura\" \/>\n\t<meta name=\"twitter:data1\" content=\"1 minuto\" \/>\n<script type=\"application\/ld+json\" class=\"yoast-schema-graph\">{\"@context\":\"https:\/\/schema.org\",\"@graph\":[{\"@type\":\"WebPage\",\"@id\":\"https:\/\/hk.1edotech.com\/lang\/\",\"url\":\"https:\/\/hk.1edotech.com\/lang\/\",\"name\":\"Web Language - 1edo design\",\"isPartOf\":{\"@id\":\"https:\/\/hk.1edotech.com\/in\/#website\"},\"datePublished\":\"2023-12-27T06:50:12+00:00\",\"dateModified\":\"2024-06-24T08:04:59+00:00\",\"breadcrumb\":{\"@id\":\"https:\/\/hk.1edotech.com\/lang\/#breadcrumb\"},\"inLanguage\":\"pt-BR\",\"potentialAction\":[{\"@type\":\"ReadAction\",\"target\":[\"https:\/\/hk.1edotech.com\/lang\/\"]}]},{\"@type\":\"BreadcrumbList\",\"@id\":\"https:\/\/hk.1edotech.com\/lang\/#breadcrumb\",\"itemListElement\":[{\"@type\":\"ListItem\",\"position\":1,\"name\":\"Home\",\"item\":\"https:\/\/hk.1edotech.com\/za\/\"},{\"@type\":\"ListItem\",\"position\":2,\"name\":\"Web Language\"}]},{\"@type\":\"WebSite\",\"@id\":\"https:\/\/hk.1edotech.com\/in\/#website\",\"url\":\"https:\/\/hk.1edotech.com\/in\/\",\"name\":\"1edo design\",\"description\":\"1edo design\",\"potentialAction\":[{\"@type\":\"SearchAction\",\"target\":{\"@type\":\"EntryPoint\",\"urlTemplate\":\"https:\/\/hk.1edotech.com\/in\/?s={search_term_string}\"},\"query-input\":{\"@type\":\"PropertyValueSpecification\",\"valueRequired\":true,\"valueName\":\"search_term_string\"}}],\"inLanguage\":\"pt-BR\"}]}<\/script>\n<!-- \/ Yoast SEO Premium plugin. -->","yoast_head_json":{"title":"Linguagem Web - design 1edo","robots":{"index":"index","follow":"follow","max-snippet":"max-snippet:-1","max-image-preview":"max-image-preview:large","max-video-preview":"max-video-preview:-1"},"canonical":"https:\/\/hk.1edotech.com\/lang\/","og_locale":"pt_BR","og_type":"article","og_title":"Web Language","og_description":"\u00a0 Choose Your Country or Region \u00a0 Africa, Middle East and India OQatar \/ English India \/ English Saudi Arabia \/ English Other countries in the MiddleEast and Africa \/ English South Africa \/ English United Arab Emirates \/ English Asia-Pacific \u4e2d\u56fd\u5927\u9646 \/ \u7b80\u4f53\u4e2d\u6587Philippines \/ EnglishSingapore \/ EnglishAustralia \/ English \u4e2d\u56fd\u53f0\u6e7e \/ \u7e41\u9ad4\u4e2d\u6587Indonesia \/ EnglishVi\u1ec7t [&hellip;]","og_url":"https:\/\/hk.1edotech.com\/lang\/","og_site_name":"1edo design","article_modified_time":"2024-06-24T08:04:59+00:00","twitter_card":"summary_large_image","twitter_misc":{"Est. tempo de leitura":"1 minuto"},"schema":{"@context":"https:\/\/schema.org","@graph":[{"@type":"WebPage","@id":"https:\/\/hk.1edotech.com\/lang\/","url":"https:\/\/hk.1edotech.com\/lang\/","name":"Linguagem Web - design 1edo","isPartOf":{"@id":"https:\/\/hk.1edotech.com\/in\/#website"},"datePublished":"2023-12-27T06:50:12+00:00","dateModified":"2024-06-24T08:04:59+00:00","breadcrumb":{"@id":"https:\/\/hk.1edotech.com\/lang\/#breadcrumb"},"inLanguage":"pt-BR","potentialAction":[{"@type":"ReadAction","target":["https:\/\/hk.1edotech.com\/lang\/"]}]},{"@type":"BreadcrumbList","@id":"https:\/\/hk.1edotech.com\/lang\/#breadcrumb","itemListElement":[{"@type":"ListItem","position":1,"name":"Home","item":"https:\/\/hk.1edotech.com\/za\/"},{"@type":"ListItem","position":2,"name":"Web Language"}]},{"@type":"WebSite","@id":"https:\/\/hk.1edotech.com\/in\/#website","url":"https:\/\/hk.1edotech.com\/in\/","name":"Projeto 1edo","description":"Projeto 1edo","potentialAction":[{"@type":"SearchAction","target":{"@type":"EntryPoint","urlTemplate":"https:\/\/hk.1edotech.com\/in\/?s={search_term_string}"},"query-input":{"@type":"PropertyValueSpecification","valueRequired":true,"valueName":"search_term_string"}}],"inLanguage":"pt-BR"}]}},"_links":{"self":[{"href":"https:\/\/1edotech.com\/br\/wp-json\/wp\/v2\/pages\/4910","targetHints":{"allow":["GET"]}}],"collection":[{"href":"https:\/\/1edotech.com\/br\/wp-json\/wp\/v2\/pages"}],"about":[{"href":"https:\/\/1edotech.com\/br\/wp-json\/wp\/v2\/types\/page"}],"author":[{"embeddable":true,"href":"https:\/\/1edotech.com\/br\/wp-json\/wp\/v2\/users\/8"}],"replies":[{"embeddable":true,"href":"https:\/\/1edotech.com\/br\/wp-json\/wp\/v2\/comments?post=4910"}],"version-history":[{"count":741,"href":"https:\/\/1edotech.com\/br\/wp-json\/wp\/v2\/pages\/4910\/revisions"}],"predecessor-version":[{"id":8188,"href":"https:\/\/1edotech.com\/br\/wp-json\/wp\/v2\/pages\/4910\/revisions\/8188"}],"wp:attachment":[{"href":"https:\/\/1edotech.com\/br\/wp-json\/wp\/v2\/media?parent=4910"}],"curies":[{"name":"wp","href":"https:\/\/api.w.org\/{rel}","templated":true}]}}