{"id":3,"date":"2023-08-01T23:58:36","date_gmt":"2023-08-01T23:58:36","guid":{"rendered":"https:\/\/www.1edotech.com\/?page_id=3"},"modified":"2024-06-14T11:01:35","modified_gmt":"2024-06-14T11:01:35","slug":"privacy-policy","status":"publish","type":"page","link":"https:\/\/1edotech.com\/it\/privacy-policy\/","title":{"rendered":"politica sulla riservatezza"},"content":{"rendered":"<style type=\"text\/css\" data-created_by=\"avia_inline_auto\" id=\"style-css-av-av_section-52d6baff8bfb617c867925a6fbc1b98b\">\n.avia-section.av-av_section-52d6baff8bfb617c867925a6fbc1b98b{\nbackground-color:#fafafa;\nbackground-image:unset;\nmargin-top:0px;\nmargin-bottom:0px;\n}\n<\/style>\n<div id='av_section_1'  class='avia-section av-av_section-52d6baff8bfb617c867925a6fbc1b98b main_color avia-section-small avia-no-border-styling  avia-builder-el-0  el_before_av_section  avia-builder-el-first  avia-bg-style-scroll container_wrap sidebar_right'  ><div class='container av-section-cont-open' ><main  role=\"main\" itemprop=\"mainContentOfPage\"  class='template-page content  av-content-small alpha units'><div class='post-entry post-entry-type-page post-entry-3'><div class='entry-content-wrapper clearfix'>\n\n<style type=\"text\/css\" data-created_by=\"avia_inline_auto\" id=\"style-css-av-av_one_full-5c2940aec08386bc66704c18cd7c0942\">\n#top .flex_column.av-av_one_full-5c2940aec08386bc66704c18cd7c0942{\nmargin-top:0px;\nmargin-bottom:0px;\n}\n.flex_column.av-av_one_full-5c2940aec08386bc66704c18cd7c0942{\npadding:0% 0% 0% 0%;\n}\n.responsive #top #wrap_all .flex_column.av-av_one_full-5c2940aec08386bc66704c18cd7c0942{\nmargin-top:0px;\nmargin-bottom:0px;\n}\n<\/style>\n<div class='flex_column av-av_one_full-5c2940aec08386bc66704c18cd7c0942 av_one_full  avia-builder-el-1  avia-builder-el-no-sibling  first flex_column_div av-animated-generic left-to-right av-zero-column-padding'     ><style type=\"text\/css\" data-created_by=\"avia_inline_auto\" id=\"style-css-av-av_heading-7f303b903b2a7fa0eff1b81b8e8e9f4a\">\n#top .av-special-heading.av-av_heading-7f303b903b2a7fa0eff1b81b8e8e9f4a{\nmargin:0% 0% 0% 0%;\npadding-bottom:0;\ncolor:#5d5f5f;\nfont-size:24px;\n}\nbody .av-special-heading.av-av_heading-7f303b903b2a7fa0eff1b81b8e8e9f4a .av-special-heading-tag .heading-char{\nfont-size:25px;\n}\n#top #wrap_all .av-special-heading.av-av_heading-7f303b903b2a7fa0eff1b81b8e8e9f4a .av-special-heading-tag{\nfont-size:24px;\npadding:0% 0% 0% 0%;\n}\n.av-special-heading.av-av_heading-7f303b903b2a7fa0eff1b81b8e8e9f4a .special-heading-inner-border{\nborder-color:#5d5f5f;\n}\n.av-special-heading.av-av_heading-7f303b903b2a7fa0eff1b81b8e8e9f4a .av-subheading{\nfont-size:15px;\n}\n\n@media only screen and (max-width: 479px){ \n#top #wrap_all .av-special-heading.av-av_heading-7f303b903b2a7fa0eff1b81b8e8e9f4a .av-special-heading-tag{\nfont-size:20px;\n}\n}\n\n@media only screen and (min-width: 480px) and (max-width: 767px){ \n#top #wrap_all .av-special-heading.av-av_heading-7f303b903b2a7fa0eff1b81b8e8e9f4a .av-special-heading-tag{\nfont-size:0.8em;\n}\n}\n<\/style>\n<div  class='av-special-heading av-av_heading-7f303b903b2a7fa0eff1b81b8e8e9f4a av-special-heading-h1 custom-color-heading blockquote modern-quote  avia-builder-el-2  avia-builder-el-no-sibling  av-inherit-size'><h1 class='av-special-heading-tag'  itemprop=\"headline\"  >POLITICA SULLA RISERVATEZZA<\/h1><div class=\"special-heading-border\"><div class=\"special-heading-inner-border\"><\/div><\/div><\/div><\/div>\n\n<\/div><\/div><\/main><!-- close content main element --><\/div><\/div>\n<style type=\"text\/css\" data-created_by=\"avia_inline_auto\" id=\"style-css-av-av_section-e80c29b93aac01dba0f3b6b54b77d0cf\">\n.avia-section.av-av_section-e80c29b93aac01dba0f3b6b54b77d0cf{\nmargin-top:2%;\nmargin-bottom:2%;\n}\n<\/style>\n<div id='av_section_2'  class='avia-section av-av_section-e80c29b93aac01dba0f3b6b54b77d0cf main_color avia-section-default avia-no-border-styling  avia-builder-el-3  el_after_av_section  avia-builder-el-last  avia-bg-style-scroll container_wrap sidebar_right'  ><div class='container av-section-cont-open' ><div class='template-page content  av-content-small alpha units'><div class='post-entry post-entry-type-page post-entry-3'><div class='entry-content-wrapper clearfix'>\n\n<style type=\"text\/css\" data-created_by=\"avia_inline_auto\" id=\"style-css-av-av_one_full-1ba6b84490bca59551541b57ca4133f4\">\n#top .flex_column.av-av_one_full-1ba6b84490bca59551541b57ca4133f4{\nmargin-top:0%;\nmargin-bottom:0%;\n}\n.flex_column.av-av_one_full-1ba6b84490bca59551541b57ca4133f4{\npadding:0% 0% 0% 0%;\n}\n.responsive #top #wrap_all .flex_column.av-av_one_full-1ba6b84490bca59551541b57ca4133f4{\nmargin-top:0%;\nmargin-bottom:0%;\n}\n<\/style>\n<div class='flex_column av-av_one_full-1ba6b84490bca59551541b57ca4133f4 av_one_full  avia-builder-el-4  avia-builder-el-no-sibling  first flex_column_div av-animated-generic fade-in av-zero-column-padding'     ><p>\n<style type=\"text\/css\" data-created_by=\"avia_inline_auto\" id=\"style-css-av-av_heading-24fbc5292636c2a41432412266ef7bf8\">\n#top .av-special-heading.av-av_heading-24fbc5292636c2a41432412266ef7bf8{\nmargin:0% 0% 0% 0%;\npadding-bottom:0;\nfont-size:48px;\n}\nbody .av-special-heading.av-av_heading-24fbc5292636c2a41432412266ef7bf8 .av-special-heading-tag .heading-char{\nfont-size:25px;\n}\n#top #wrap_all .av-special-heading.av-av_heading-24fbc5292636c2a41432412266ef7bf8 .av-special-heading-tag{\nfont-size:48px;\npadding:0% 0% 1% 0%;\n}\n.av-special-heading.av-av_heading-24fbc5292636c2a41432412266ef7bf8 .av-subheading{\nfont-size:15px;\n}\n\n@media only screen and (max-width: 479px){ \n#top #wrap_all .av-special-heading.av-av_heading-24fbc5292636c2a41432412266ef7bf8 .av-special-heading-tag{\nfont-size:28px;\n}\n}\n\n@media only screen and (min-width: 480px) and (max-width: 767px){ \n#top #wrap_all .av-special-heading.av-av_heading-24fbc5292636c2a41432412266ef7bf8 .av-special-heading-tag{\nfont-size:0.8em;\n}\n}\n<\/style>\n<div  class='av-special-heading av-av_heading-24fbc5292636c2a41432412266ef7bf8 av-special-heading-h1 blockquote modern-quote  avia-builder-el-5  el_before_av_textblock  avia-builder-el-first  av-inherit-size'><h1 class='av-special-heading-tag'  itemprop=\"headline\"  >INFORMATIVA SULLA PRIVACY DEL SITO WEB 1edo<\/h1><div class=\"special-heading-border\"><div class=\"special-heading-inner-border\"><\/div><\/div><\/div><br \/>\n\n<style type=\"text\/css\" data-created_by=\"avia_inline_auto\" id=\"style-css-av-av_textblock-c45a5ea5b29b5b872b961519468d19fe\">\n#top .av_textblock_section.av-av_textblock-c45a5ea5b29b5b872b961519468d19fe .avia_textblock{\nfont-size:16px;\ntext-align:left;\n}\n\n@media only screen and (max-width: 479px){ \n#top .av_textblock_section.av-av_textblock-c45a5ea5b29b5b872b961519468d19fe .avia_textblock{\nfont-size:16px;\n}\n}\n<\/style>\n<section  class='av_textblock_section av-av_textblock-c45a5ea5b29b5b872b961519468d19fe'  itemscope=\"itemscope\" itemtype=\"https:\/\/schema.org\/CreativeWork\" ><div class='avia_textblock nocti_polly_vbnmdfgv'  itemprop=\"text\" ><p>Ultimo aggiornamento: luglio 2023<br \/>\nLa presente informativa sulla privacy spiega come 1edo raccoglie e utilizza i dati personali dei visitatori dei suoi siti web e mobili che si collegano direttamente a questa informativa (collettivamente \u201cSiti\u201d). I tuoi dati personali sono controllati da<br \/>\n1edo Europe SA (collettivamente \u201c1edo\u201d, \u201cNoi\u201d e \u201cCi\u201d).<\/p>\n<h1>DATI INVIATI ATTIVAMENTE<\/h1>\n<p>Se ci chiami, ci invii un&#039;e-mail o compili un modulo su uno dei nostri Siti, utilizziamo le informazioni fornite per rispondere alla tua richiesta o per comunicare in altro modo con te o assisterti. Se effettui acquisti tramite i nostri Siti, potremmo raccogliere i dati necessari per elaborare il tuo ordine, come il tuo indirizzo di spedizione, i prodotti ordinati e le tue informazioni di contatto.<\/p>\n<h2>DATI FORNITI PASSIVAMENTE<\/h1>\n<p>Quando accedi ai nostri Siti, a seconda delle tue scelte di adesione, alcune informazioni sul tuo computer o dispositivo mobile vengono condivise con noi, che potrebbero includere le attivit\u00e0 che svolgi sui nostri Siti, il tipo di hardware e software che stai utilizzando (come come sistema operativo o browser), informazioni memorizzate nei cookie, indirizzo IP, orari di accesso, pagine web da cui provieni, regioni da cui navighi nella pagina web e pagine web a cui accedi. Utilizziamo queste informazioni per comprendere meglio gli interessi degli utenti dei nostri Siti, per migliorare i nostri Siti, servizi e prodotti.<\/p>\n<p>Al momento non rispondiamo ai segnali &quot;Do Not Track&quot; nei browser poich\u00e9 stiamo cercando di fornire un&#039;esperienza del sito Web personalizzata.<\/p>\n<h2>BISCOTTI<\/h1>\n<p>1edo utilizza i cookie che sono essenzialmente piccoli file di dati inseriti sul tuo computer, tablet, telefono cellulare o altri dispositivi. Clicca qui per saperne di pi\u00f9 sui cookie.<\/p>\n<h2>UTILIZZO E CONDIVISIONE DEI DATI<\/h1>\n<p>Utilizziamo i dati che raccogliamo per offrirti esperienze ricche e interattive. In particolare, potremmo utilizzare i dati per:<\/p>\n<ul>\n<li>fornire il servizio o eseguire le transazioni su tua richiesta;<\/li>\n<li>migliorare e sviluppare i nostri prodotti;<\/li>\n<li>personalizzare la tua esperienza;<\/li>\n<li>elaborare le domande di lavoro inviate tramite i nostri Siti;<\/li>\n<li>pubblicizzare e commercializzare soggetti ai requisiti legali applicabili, che possono includere l&#039;invio di comunicazioni promozionali e il targeting<\/li>\n<li>pubblicit\u00e0 e presentarti offerte pertinenti.<\/li>\n<\/ul>\n<h2>BAMBINI<\/h1>\n<p>Non raccogliamo n\u00e9 conserviamo consapevolmente informazioni su persone di et\u00e0 inferiore a 13 anni. Se apprendiamo che informazioni su persone di et\u00e0 inferiore a 13 anni sono state raccolte su o attraverso i Siti, adotteremo le misure appropriate per eliminare tali informazioni. Se sei il genitore o il tutore legale di un bambino di et\u00e0 inferiore a 13 anni che ha registrato un account o un servizio sui nostri Siti, ti preghiamo di contattarci utilizzando le informazioni di contatto riportate di seguito per far chiudere l&#039;account o servizio di quel bambino e cancellare le informazioni personali.<\/p>\n<h2>CONSERVAZIONE DEI DATI<\/h1>\n<p>Conserviamo i dati personali per il tempo necessario a fornire funzionalit\u00e0 e adempiere alle transazioni richieste o per altri scopi legittimi come il rispetto dei nostri obblighi legali, la risoluzione di controversie e l&#039;applicazione dei nostri accordi. Poich\u00e9 queste esigenze possono variare a seconda dei diversi tipi di dati, del contesto delle nostre interazioni con te o del tuo utilizzo dei nostri Siti, i periodi di conservazione effettivi possono variare in modo significativo.<\/p>\n<h2>LA SICUREZZA DEI DATI<\/h1>\n<p>Utilizziamo certificati TLS, crittografia, limitazioni di accesso ai dati, software antivirus e firewall per ridurre il rischio di accesso non autorizzato ai dati personali. Nessuna trasmissione di dati su Internet o su qualsiasi rete wireless \u00e8 completamente sicura. Presta attenzione ai rischi per la sicurezza quando ci trasmetti dati personali e quando pubblichi informazioni nei nostri forum pubblici.<br \/>\nSe desideri segnalare eventuali problemi di sicurezza in uno qualsiasi dei nostri prodotti, compila il modulo e gli allegati richiesti e invialo a 1edo Security.<\/p>\n<h2>CONTROLLO E ACCESSO AI VOSTRI DATI<\/h1>\n<p>Puoi richiederci di aggiornare o cancellare\/disattivare determinate informazioni che ti riguardano.<\/p>\n<p>Se non possiamo rimuovere alcune informazioni personali, ti faremo sapere il motivo. Se ti sei iscritto alle e-mail di marketing, puoi interrompere la consegna seguendo le istruzioni di cancellazione contenute nell&#039;e-mail ricevuta o nella pagina di gestione dell&#039;iscrizione sul nostro Sito: https:\/\/www.1edotech.com\/subscribe.<\/p>\n<p>Hai anche il diritto di richiedere come vengono trattati i tuoi dati e con chi li condividiamo.<\/p>\n<p>Inoltre, se ritieni che determinate informazioni che 1edo elabora su di te siano inaccurate, hai il diritto di correggere tali informazioni.<\/p>\n<p>Cercheremo di rispondere alla tua richiesta di rivedere le informazioni che abbiamo in archivio per te entro 30 giorni dalla ricezione di tale richiesta.<\/p>\n<p>Se hai domande, commenti o desideri fare una richiesta riguardante i tuoi dati o la nostra Dichiarazione, dichiarazioni precedenti e pratiche relative ai dati, contattaci all&#039;indirizzo support.1edo.com\/response-center o tramite i seguenti metodi:<\/p>\n<p>Telefono:+86-755-61811368<br \/>\nContatto: support.1edo.com\/response-center<br \/>\nPosta postale: 5F, edificio B20, parco industriale di Hengfeng, xixiangtown, distretto di Bao&#039;an, Shenzhen, Cina<\/p>\n<p>Se non sei soddisfatto della nostra risposta, puoi presentare il tuo reclamo o controversia sulla privacy all&#039;autorit\u00e0 statale o nazionale competente per la protezione dei dati nella tua giurisdizione.<\/p>\n<h2>MODIFICA A QUESTA DICHIARAZIONE<\/h1>\n<p>Occasionalmente aggiorneremo questa Informativa. Se vengono apportate modifiche sostanziali alla presente Informativa o al modo in cui utilizzeremo le tue informazioni personali, pubblicheremo in modo visibile le modifiche prima di apportarle.<\/p>\n<p>Non apporteremo modifiche che siano meno protettive delle tue informazioni personali raccolte in passato senza il tuo consenso.<\/p>\n<p>Ti invitiamo a rivedere periodicamente questa Dichiarazione per essere informato su come proteggiamo le tue informazioni.<\/p>\n<p>Grazie per il tuo interesse per 1edo e per i nostri prodotti e servizi.<\/p>\n<\/div><\/section><\/p><\/div>\n<\/div><\/div><\/div><!-- close content main div --><\/div><\/div><div id='after_section_2'  class='main_color av_default_container_wrap container_wrap sidebar_right'  ><div class='container av-section-cont-open' ><div class='template-page content  av-content-small alpha units'><div class='post-entry post-entry-type-page post-entry-3'><div class='entry-content-wrapper clearfix'>","protected":false},"excerpt":{"rendered":"","protected":false},"author":8,"featured_media":0,"parent":0,"menu_order":0,"comment_status":"closed","ping_status":"open","template":"","meta":{"footnotes":""},"class_list":["post-3","page","type-page","status-publish","hentry"],"yoast_head":"<!-- This site is optimized with the Yoast SEO Premium plugin v22.8 (Yoast SEO v26.8) - https:\/\/yoast.com\/product\/yoast-seo-premium-wordpress\/ -->\n<title>Privacy Policy - 1edo design<\/title>\n<meta name=\"description\" content=\"Manage 1edon Update your email, password or social login information, monitor and manage the devices you log in to.\" \/>\n<meta name=\"robots\" content=\"index, follow, max-snippet:-1, max-image-preview:large, max-video-preview:-1\" \/>\n<link rel=\"canonical\" href=\"https:\/\/hk.1edotech.com\/privacy-policy\/\" \/>\n<meta property=\"og:locale\" content=\"it_IT\" \/>\n<meta property=\"og:type\" content=\"article\" \/>\n<meta property=\"og:title\" content=\"Privacy Policy\" \/>\n<meta property=\"og:description\" content=\"Manage 1edon Update your email, password or social login information, monitor and manage the devices you log in to.\" \/>\n<meta property=\"og:url\" content=\"https:\/\/hk.1edotech.com\/privacy-policy\/\" \/>\n<meta property=\"og:site_name\" content=\"1edo design\" \/>\n<meta property=\"article:modified_time\" content=\"2024-06-14T11:01:35+00:00\" \/>\n<meta name=\"twitter:card\" content=\"summary_large_image\" \/>\n<meta name=\"twitter:label1\" content=\"Tempo di lettura stimato\" \/>\n\t<meta name=\"twitter:data1\" content=\"4 minuti\" \/>\n<script type=\"application\/ld+json\" class=\"yoast-schema-graph\">{\"@context\":\"https:\/\/schema.org\",\"@graph\":[{\"@type\":\"WebPage\",\"@id\":\"https:\/\/hk.1edotech.com\/privacy-policy\/\",\"url\":\"https:\/\/hk.1edotech.com\/privacy-policy\/\",\"name\":\"Privacy Policy - 1edo design\",\"isPartOf\":{\"@id\":\"https:\/\/hk.1edotech.com\/in\/#website\"},\"datePublished\":\"2023-08-01T23:58:36+00:00\",\"dateModified\":\"2024-06-14T11:01:35+00:00\",\"description\":\"Manage 1edon Update your email, password or social login information, monitor and manage the devices you log in to.\",\"breadcrumb\":{\"@id\":\"https:\/\/hk.1edotech.com\/privacy-policy\/#breadcrumb\"},\"inLanguage\":\"it-IT\",\"potentialAction\":[{\"@type\":\"ReadAction\",\"target\":[\"https:\/\/hk.1edotech.com\/privacy-policy\/\"]}]},{\"@type\":\"BreadcrumbList\",\"@id\":\"https:\/\/hk.1edotech.com\/privacy-policy\/#breadcrumb\",\"itemListElement\":[{\"@type\":\"ListItem\",\"position\":1,\"name\":\"Home\",\"item\":\"https:\/\/hk.1edotech.com\/za\/\"},{\"@type\":\"ListItem\",\"position\":2,\"name\":\"Privacy Policy\"}]},{\"@type\":\"WebSite\",\"@id\":\"https:\/\/hk.1edotech.com\/in\/#website\",\"url\":\"https:\/\/hk.1edotech.com\/in\/\",\"name\":\"1edo design\",\"description\":\"1edo design\",\"potentialAction\":[{\"@type\":\"SearchAction\",\"target\":{\"@type\":\"EntryPoint\",\"urlTemplate\":\"https:\/\/hk.1edotech.com\/in\/?s={search_term_string}\"},\"query-input\":{\"@type\":\"PropertyValueSpecification\",\"valueRequired\":true,\"valueName\":\"search_term_string\"}}],\"inLanguage\":\"it-IT\"}]}<\/script>\n<!-- \/ Yoast SEO Premium plugin. -->","yoast_head_json":{"title":"Informativa sulla privacy - 1edo design","description":"Gestisci 1edon Aggiorna la tua email, la password o le informazioni di accesso tramite social network, monitora e gestisci i dispositivi da cui effettui l&#039;accesso.","robots":{"index":"index","follow":"follow","max-snippet":"max-snippet:-1","max-image-preview":"max-image-preview:large","max-video-preview":"max-video-preview:-1"},"canonical":"https:\/\/hk.1edotech.com\/privacy-policy\/","og_locale":"it_IT","og_type":"article","og_title":"Privacy Policy","og_description":"Manage 1edon Update your email, password or social login information, monitor and manage the devices you log in to.","og_url":"https:\/\/hk.1edotech.com\/privacy-policy\/","og_site_name":"1edo design","article_modified_time":"2024-06-14T11:01:35+00:00","twitter_card":"summary_large_image","twitter_misc":{"Tempo di lettura stimato":"4 minuti"},"schema":{"@context":"https:\/\/schema.org","@graph":[{"@type":"WebPage","@id":"https:\/\/hk.1edotech.com\/privacy-policy\/","url":"https:\/\/hk.1edotech.com\/privacy-policy\/","name":"Informativa sulla privacy - 1edo design","isPartOf":{"@id":"https:\/\/hk.1edotech.com\/in\/#website"},"datePublished":"2023-08-01T23:58:36+00:00","dateModified":"2024-06-14T11:01:35+00:00","description":"Gestisci 1edon Aggiorna la tua email, la password o le informazioni di accesso tramite social network, monitora e gestisci i dispositivi da cui effettui l&#039;accesso.","breadcrumb":{"@id":"https:\/\/hk.1edotech.com\/privacy-policy\/#breadcrumb"},"inLanguage":"it-IT","potentialAction":[{"@type":"ReadAction","target":["https:\/\/hk.1edotech.com\/privacy-policy\/"]}]},{"@type":"BreadcrumbList","@id":"https:\/\/hk.1edotech.com\/privacy-policy\/#breadcrumb","itemListElement":[{"@type":"ListItem","position":1,"name":"Home","item":"https:\/\/hk.1edotech.com\/za\/"},{"@type":"ListItem","position":2,"name":"Privacy Policy"}]},{"@type":"WebSite","@id":"https:\/\/hk.1edotech.com\/in\/#website","url":"https:\/\/hk.1edotech.com\/in\/","name":"1edodesign","description":"1edodesign","potentialAction":[{"@type":"SearchAction","target":{"@type":"EntryPoint","urlTemplate":"https:\/\/hk.1edotech.com\/in\/?s={search_term_string}"},"query-input":{"@type":"PropertyValueSpecification","valueRequired":true,"valueName":"search_term_string"}}],"inLanguage":"it-IT"}]}},"_links":{"self":[{"href":"https:\/\/1edotech.com\/it\/wp-json\/wp\/v2\/pages\/3","targetHints":{"allow":["GET"]}}],"collection":[{"href":"https:\/\/1edotech.com\/it\/wp-json\/wp\/v2\/pages"}],"about":[{"href":"https:\/\/1edotech.com\/it\/wp-json\/wp\/v2\/types\/page"}],"author":[{"embeddable":true,"href":"https:\/\/1edotech.com\/it\/wp-json\/wp\/v2\/users\/8"}],"replies":[{"embeddable":true,"href":"https:\/\/1edotech.com\/it\/wp-json\/wp\/v2\/comments?post=3"}],"version-history":[{"count":3,"href":"https:\/\/1edotech.com\/it\/wp-json\/wp\/v2\/pages\/3\/revisions"}],"predecessor-version":[{"id":7931,"href":"https:\/\/1edotech.com\/it\/wp-json\/wp\/v2\/pages\/3\/revisions\/7931"}],"wp:attachment":[{"href":"https:\/\/1edotech.com\/it\/wp-json\/wp\/v2\/media?parent=3"}],"curies":[{"name":"wp","href":"https:\/\/api.w.org\/{rel}","templated":true}]}}