{"id":2100,"date":"2023-09-25T01:24:36","date_gmt":"2023-09-25T01:24:36","guid":{"rendered":"https:\/\/www.1edotech.com\/?page_id=2100"},"modified":"2024-06-14T10:58:15","modified_gmt":"2024-06-14T10:58:15","slug":"faq","status":"publish","type":"page","link":"https:\/\/1edotech.com\/vn\/faq\/","title":{"rendered":"C\u00e2u h\u1ecfi th\u01b0\u1eddng g\u1eb7p"},"content":{"rendered":"<div id='full_slider_1'  class='avia-fullwidth-slider main_color avia-shadow av-small-hide av-mini-hide  avia-builder-el-0  el_before_av_slideshow_full  avia-builder-el-first  nocti_bre_aboutus_mw  container_wrap sidebar_right'  >\n<style type=\"text\/css\" data-created_by=\"avia_inline_auto\" id=\"style-css-av-lmy7bnvk-365d99b2b2e0f0d2b928c8bf20ea1d68\">\n#top #wrap_all .avia-slideshow .av-slideshow-caption.av-lmy7bnvk-365d99b2b2e0f0d2b928c8bf20ea1d68__0 .avia-caption-title{\nfont-size:45px;\n}\n#top .avia-slideshow .av-slideshow-caption.av-lmy7bnvk-365d99b2b2e0f0d2b928c8bf20ea1d68__0 .avia-caption-content{\nfont-size:20px;\n}\n#top .avia-slideshow .av-slideshow-caption.av-lmy7bnvk-365d99b2b2e0f0d2b928c8bf20ea1d68__0 .avia-caption-content p{\nfont-size:20px;\n}\n<\/style>\n<div  class='avia-slideshow av-lmy7bnvk-365d99b2b2e0f0d2b928c8bf20ea1d68 avia-slideshow-no scaling av_slideshow_full avia-slide-slider nocti_bre_aboutus_mw av-small-hide av-mini-hide av-slideshow-ui av-control-hidden av-no-slider-navigation av-hide-nav-arrows av-slideshow-manual av-loop-once av-loop-manual-endless av-default-height-applied   avia-slideshow-1' data-slideshow-options=\"{&quot;animation&quot;:&quot;slide&quot;,&quot;autoplay&quot;:false,&quot;loop_autoplay&quot;:&quot;once&quot;,&quot;interval&quot;:1,&quot;loop_manual&quot;:&quot;manual-endless&quot;,&quot;autoplay_stopper&quot;:false,&quot;noNavigation&quot;:true,&quot;bg_slider&quot;:false,&quot;transitionSpeed&quot;:100,&quot;keep_padding&quot;:false,&quot;hoverpause&quot;:false,&quot;show_slide_delay&quot;:0}\"  itemprop=\"image\" itemscope=\"itemscope\" itemtype=\"https:\/\/schema.org\/ImageObject\" ><ul class='avia-slideshow-inner' style='padding-bottom: 32.291666666667%;'><li  class='avia-slideshow-slide av-lmy7bnvk-365d99b2b2e0f0d2b928c8bf20ea1d68__0  av-single-slide slide-1 slide-odd'><div data-rel='slideshow-1' class='avia-slide-wrap'   ><div class='av-slideshow-caption av-lmy7bnvk-365d99b2b2e0f0d2b928c8bf20ea1d68__0 caption_fullwidth caption_center caption_center_framed caption_framed'><div class=\"container caption_container\"><div class=\"slideshow_caption\"><div class=\"slideshow_inner_caption\"><div class=\"slideshow_align_caption\"><h2 class='avia-caption-title'  itemprop=\"name\" >C\u00e2u h\u1ecfi th\u01b0\u1eddng g\u1eb7p<\/h2><div class='avia-caption-content'  itemprop=\"description\" ><p>Gi\u1edbi thi\u1ec7u v\u00e0 HHY m\u1ed9t s\u1ed1 c\u00e2u h\u1ecfi th\u01b0\u1eddng g\u1eb7p<\/p>\n<\/div><\/div><\/div><\/div><\/div><\/div><img decoding=\"async\" class=\"wp-image-2106 avia-img-lazy-loading-not-2106\"  src=\"https:\/\/1edotech.com\/wp-content\/uploads\/2023\/09\/SUPPORT-banner.jpg\" width=\"1920\" height=\"620\" title='Banner H\u1ed6 TR\u1ee2' alt=''  itemprop=\"thumbnailUrl\" srcset=\"https:\/\/1edotech.com\/wp-content\/uploads\/2023\/09\/SUPPORT-banner.jpg 1920w, https:\/\/1edotech.com\/wp-content\/uploads\/2023\/09\/SUPPORT-banner-600x194.jpg 600w, https:\/\/1edotech.com\/wp-content\/uploads\/2023\/09\/SUPPORT-banner-300x97.jpg 300w, https:\/\/1edotech.com\/wp-content\/uploads\/2023\/09\/SUPPORT-banner-1030x333.jpg 1030w, https:\/\/1edotech.com\/wp-content\/uploads\/2023\/09\/SUPPORT-banner-768x248.jpg 768w, https:\/\/1edotech.com\/wp-content\/uploads\/2023\/09\/SUPPORT-banner-1536x496.jpg 1536w, https:\/\/1edotech.com\/wp-content\/uploads\/2023\/09\/SUPPORT-banner-1500x484.jpg 1500w, https:\/\/1edotech.com\/wp-content\/uploads\/2023\/09\/SUPPORT-banner-705x228.jpg 705w, https:\/\/1edotech.com\/wp-content\/uploads\/2023\/09\/SUPPORT-banner-450x145.jpg 450w\" sizes=\"(max-width: 1920px) 100vw, 1920px\" \/><\/div><\/li><\/ul><\/div><\/div>\n<div id='full_slider_2'  class='avia-fullwidth-slider main_color avia-shadow av-desktop-hide av-medium-hide  avia-builder-el-1  el_after_av_slideshow_full  el_before_av_section  nocti_bre_aboutus_mw  slider-not-first container_wrap sidebar_right'  >\n<style type=\"text\/css\" data-created_by=\"avia_inline_auto\" id=\"style-css-av-lmy7celc-a105bc685a1a9aa7f81a6425e72ee1c4\">\n#top #wrap_all .avia-slideshow .av-slideshow-caption.av-lmy7celc-a105bc685a1a9aa7f81a6425e72ee1c4__0 .avia-caption-title{\nfont-size:45px;\n}\n#top .avia-slideshow .av-slideshow-caption.av-lmy7celc-a105bc685a1a9aa7f81a6425e72ee1c4__0 .avia-caption-content{\nfont-size:20px;\n}\n#top .avia-slideshow .av-slideshow-caption.av-lmy7celc-a105bc685a1a9aa7f81a6425e72ee1c4__0 .avia-caption-content p{\nfont-size:20px;\n}\n<\/style>\n<div  class='avia-slideshow av-lmy7celc-a105bc685a1a9aa7f81a6425e72ee1c4 avia-slideshow-no scaling av_slideshow_full avia-slide-slider nocti_bre_aboutus_mw av-desktop-hide av-medium-hide av-slideshow-ui av-control-hidden av-no-slider-navigation av-hide-nav-arrows av-slideshow-manual av-loop-once av-loop-manual-endless av-default-height-applied   avia-slideshow-2' data-slideshow-options=\"{&quot;animation&quot;:&quot;slide&quot;,&quot;autoplay&quot;:false,&quot;loop_autoplay&quot;:&quot;once&quot;,&quot;interval&quot;:1,&quot;loop_manual&quot;:&quot;manual-endless&quot;,&quot;autoplay_stopper&quot;:false,&quot;noNavigation&quot;:true,&quot;bg_slider&quot;:false,&quot;transitionSpeed&quot;:100,&quot;keep_padding&quot;:false,&quot;hoverpause&quot;:false,&quot;show_slide_delay&quot;:0}\"  itemprop=\"image\" itemscope=\"itemscope\" itemtype=\"https:\/\/schema.org\/ImageObject\" ><ul class='avia-slideshow-inner' style='padding-bottom: 177.734375%;'><li  class='avia-slideshow-slide av-lmy7celc-a105bc685a1a9aa7f81a6425e72ee1c4__0  av-single-slide slide-1 slide-odd'><div data-rel='slideshow-2' class='avia-slide-wrap'   ><div class='av-slideshow-caption av-lmy7celc-a105bc685a1a9aa7f81a6425e72ee1c4__0 caption_fullwidth caption_center caption_center_framed caption_framed'><div class=\"container caption_container\"><div class=\"slideshow_caption\"><div class=\"slideshow_inner_caption\"><div class=\"slideshow_align_caption\"><h2 class='avia-caption-title'  itemprop=\"name\" >C\u00e2u h\u1ecfi th\u01b0\u1eddng g\u1eb7p<\/h2><div class='avia-caption-content'  itemprop=\"description\" ><p>Gi\u1edbi thi\u1ec7u v\u00e0 HHY m\u1ed9t s\u1ed1 c\u00e2u h\u1ecfi th\u01b0\u1eddng g\u1eb7p<\/p>\n<\/div><\/div><\/div><\/div><\/div><\/div><img loading=\"lazy\" decoding=\"async\" class=\"wp-image-2101 avia-img-lazy-loading-not-2101\" src=\"https:\/\/1edotech.com\/wp-content\/uploads\/2023\/09\/FAQ-BANNER-768x1365-1.jpg\"  width=\"768\" height=\"1365\" title='C\u00e2u h\u1ecfi th\u01b0\u1eddng g\u1eb7p-BANNER-768x1365' alt='' itemprop=\"thumbnailUrl\"  srcset=\"https:\/\/1edotech.com\/wp-content\/uploads\/2023\/09\/FAQ-BANNER-768x1365-1.jpg 768w, https:\/\/1edotech.com\/wp-content\/uploads\/2023\/09\/FAQ-BANNER-768x1365-1-600x1066.jpg 600w, https:\/\/1edotech.com\/wp-content\/uploads\/2023\/09\/FAQ-BANNER-768x1365-1-169x300.jpg 169w, https:\/\/1edotech.com\/wp-content\/uploads\/2023\/09\/FAQ-BANNER-768x1365-1-580x1030.jpg 580w, https:\/\/1edotech.com\/wp-content\/uploads\/2023\/09\/FAQ-BANNER-768x1365-1-397x705.jpg 397w, https:\/\/1edotech.com\/wp-content\/uploads\/2023\/09\/FAQ-BANNER-768x1365-1-450x800.jpg 450w\" sizes=\"auto, (max-width: 768px) 100vw, 768px\" \/><\/div><\/li><\/ul><\/div><\/div>\n\n<style type=\"text\/css\" data-created_by=\"avia_inline_auto\" id=\"style-css-av-d2xs4-0fc7affb02359d6a44249e3c2cf1484e\">\n.avia-section.av-d2xs4-0fc7affb02359d6a44249e3c2cf1484e{\nbackground-color:#ffffff;\nbackground-image:unset;\n}\n<\/style>\n<div id='av_section_1'  class='avia-section av-d2xs4-0fc7affb02359d6a44249e3c2cf1484e main_color avia-section-small avia-no-border-styling  avia-builder-el-2  el_after_av_slideshow_full  el_before_av_one_fourth  nocti_aboutus_mwen avia-bg-style-scroll container_wrap sidebar_right'  ><div class='container av-section-cont-open' ><div class='template-page content  av-content-small alpha units'><div class='post-entry post-entry-type-page post-entry-2100'><div class='entry-content-wrapper clearfix'>\n\n<\/div><\/div><\/div><!-- close content main div --><\/div><\/div><div id='after_section_1'  class='main_color av_default_container_wrap container_wrap sidebar_right'  ><div class='container av-section-cont-open' ><div class='template-page content  av-content-small alpha units'><div class='post-entry post-entry-type-page post-entry-2100'><div class='entry-content-wrapper clearfix'>\n<div class='flex_column av-5xhnpw-bc757cb30a69b354a50483cf2fc16d32 av_one_fourth  avia-builder-el-4  el_after_av_section  el_before_av_one_half  avia-builder-el-first  first flex_column_div'     ><\/div>\n<div class='flex_column av-4tb43o-7fbbe6217165a5b0f2558e8821bdcd6c av_one_half  avia-builder-el-5  el_after_av_one_fourth  el_before_av_one_fourth  flex_column_div'     ><p>\n<style type=\"text\/css\" data-created_by=\"avia_inline_auto\" id=\"style-css-av-lqm2uh39-dfeb0c0ea25a53211aa7035ad70dc884\">\n#top .av-special-heading.av-lqm2uh39-dfeb0c0ea25a53211aa7035ad70dc884{\npadding-bottom:10px;\n}\nbody .av-special-heading.av-lqm2uh39-dfeb0c0ea25a53211aa7035ad70dc884 .av-special-heading-tag .heading-char{\nfont-size:25px;\n}\n.av-special-heading.av-lqm2uh39-dfeb0c0ea25a53211aa7035ad70dc884 .av-subheading{\nfont-size:15px;\n}\n<\/style>\n<div  class='av-special-heading av-lqm2uh39-dfeb0c0ea25a53211aa7035ad70dc884 av-special-heading-h1  avia-builder-el-6  el_before_av_toggle_container  avia-builder-el-first'><h1 class='av-special-heading-tag'  itemprop=\"headline\"  >C\u00e2u h\u1ecfi th\u01b0\u1eddng g\u1eb7p v\u1ec1 B\u1ea3o h\u00e0nh cho S\u1ea3n ph\u1ea9m 1edo, khu v\u1ef1c Ch\u00e2u M\u1ef9 v\u00e0 Ch\u00e2u \u00c1<\/h1><div class=\"special-heading-border\"><div class=\"special-heading-inner-border\"><\/div><\/div><\/div><br \/>\n\n<style type=\"text\/css\" data-created_by=\"avia_inline_auto\" id=\"style-css-av-lmy80kfm-57a830fa9a603e2d70eaed13a0e2d716\">\n#top .togglecontainer.av-lmy80kfm-57a830fa9a603e2d70eaed13a0e2d716 p.toggler{\nfont-size:14px;\ncolor:#717071;\nbackground-color:#ffffff;\nborder-color:#eaeaea;\n}\n#top .togglecontainer.av-lmy80kfm-57a830fa9a603e2d70eaed13a0e2d716 p.toggler:not(.activeTitle):hover{\ncolor:#717071;\nbackground-color:#ffffff;\n}\n#top .togglecontainer.av-lmy80kfm-57a830fa9a603e2d70eaed13a0e2d716 p.toggler:not(.activeTitle):hover .toggle_icon, #top .togglecontainer.av-lmy80kfm-57a830fa9a603e2d70eaed13a0e2d716 p.toggler:not(.activeTitle):hover .toggle_icon *{\nborder-color:#717071 !important;\n}\n#top .togglecontainer.av-lmy80kfm-57a830fa9a603e2d70eaed13a0e2d716 p.toggler .toggle_icon{\ncolor:#717071;\nborder-color:#717071;\n}\n#top .togglecontainer.av-lmy80kfm-57a830fa9a603e2d70eaed13a0e2d716 .toggle_wrap .toggle_content{\nfont-size:14px;\ncolor:#717071;\nbackground-color:#ffffff;\nborder-color:#eaeaea;\n}\n\n@media only screen and (max-width: 479px){ \n#top .togglecontainer.av-lmy80kfm-57a830fa9a603e2d70eaed13a0e2d716 p.toggler{\nfont-size:24px;\n}\n#top .togglecontainer.av-lmy80kfm-57a830fa9a603e2d70eaed13a0e2d716 .toggle_wrap .toggle_content{\nfont-size:14px;\n}\n}\n<\/style>\n<div  class='togglecontainer av-lmy80kfm-57a830fa9a603e2d70eaed13a0e2d716 av-elegant-toggle  avia-builder-el-7  el_after_av_heading  avia-builder-el-last  toggle_close_all' >\n<section class='av_toggle_section av-lmy7xith-e4ecc8c4a8295f27a5025e1ee70216a4'  itemscope=\"itemscope\" itemtype=\"https:\/\/schema.org\/CreativeWork\" ><div role=\"tablist\" class=\"single_toggle\" data-tags=\"{All} \"  ><p data-fake-id='#toggle-id-1' class='toggler   av-inherit-font-color hasCustomColor av-inherit-border-color'  itemprop=\"headline\"  role='tab' tabindex='0' aria-controls='toggle-id-1'>Gi\u1edbi thi\u1ec7u v\u00e0 HHY M\u1ed9t s\u1ed1 c\u00e2u h\u1ecfi th\u01b0\u1eddng g\u1eb7p<span class=\"toggle_icon\"><span class=\"vert_icon\"><\/span><span class=\"hor_icon\"><\/span><\/span><\/p><div id='toggle-id-1' class='toggle_wrap'  ><div class='toggle_content invers-color av-inherit-font-color hasCustomColor av-inherit-border-color'  itemprop=\"text\" ><p>SMT\uff08c\u00f4ng ngh\u1ec7 g\u1eafn tr\u00ean b\u1ec1 m\u1eb7t)L\u00e0 m\u1ed9t k\u1ef9 thu\u1eadt g\u1eafn tr\u00ean b\u1ec1 m\u1eb7t trong \u0111\u00f3 c\u00e1c ph\u1ea7n t\u1eed g\u1eafn tr\u00ean SURface (c\u00e1c ph\u1ea7n t\u1eed kh\u00f4ng \u0111\u01b0\u1ee3c k\u1ebft n\u1ed1i b\u1eb1ng d\u00e2y) \u0111\u01b0\u1ee3c h\u00e0n tr\u1ef1c ti\u1ebfp v\u00e0o b\u1ea3ng m\u1ea1ch in b\u1eb1ng b\u1ec1 m\u1eb7t k\u1ebft n\u1ed1i c\u00f3 th\u1ec3 h\u00e0n \u0111\u01b0\u1ee3c<\/p>\n<\/div><\/div><\/div><\/section>\n<section class='av_toggle_section av-lmy7xith-5-629090bc0817c7c6d1c769d7df571ef4'  itemscope=\"itemscope\" itemtype=\"https:\/\/schema.org\/CreativeWork\" ><div role=\"tablist\" class=\"single_toggle\" data-tags=\"{All} \"  ><p data-fake-id='#toggle-id-2' class='toggler   av-inherit-font-color hasCustomColor av-inherit-border-color'  itemprop=\"headline\"  role='tab' tabindex='0' aria-controls='toggle-id-2'>B\u1ea3n v\u00e1 l\u00e0 g\u00ec<span class=\"toggle_icon\"><span class=\"vert_icon\"><\/span><span class=\"hor_icon\"><\/span><\/span><\/p><div id='toggle-id-2' class='toggle_wrap'  ><div class='toggle_content invers-color av-inherit-font-color hasCustomColor av-inherit-border-color'  itemprop=\"text\" ><p>SMT\uff08c\u00f4ng ngh\u1ec7 g\u1eafn tr\u00ean b\u1ec1 m\u1eb7t)L\u00e0 m\u1ed9t k\u1ef9 thu\u1eadt g\u1eafn tr\u00ean b\u1ec1 m\u1eb7t trong \u0111\u00f3 c\u00e1c ph\u1ea7n t\u1eed g\u1eafn tr\u00ean SURface (c\u00e1c ph\u1ea7n t\u1eed kh\u00f4ng \u0111\u01b0\u1ee3c k\u1ebft n\u1ed1i b\u1eb1ng d\u00e2y) \u0111\u01b0\u1ee3c h\u00e0n tr\u1ef1c ti\u1ebfp v\u00e0o b\u1ea3ng m\u1ea1ch in b\u1eb1ng b\u1ec1 m\u1eb7t k\u1ebft n\u1ed1i c\u00f3 th\u1ec3 h\u00e0n \u0111\u01b0\u1ee3c<\/p>\n<\/div><\/div><\/div><\/section>\n<section class='av_toggle_section av-lmy7xith-4-c3fde33ebe4236bef927c035cc7c2d09'  itemscope=\"itemscope\" itemtype=\"https:\/\/schema.org\/CreativeWork\" ><div role=\"tablist\" class=\"single_toggle\" data-tags=\"{All} \"  ><p data-fake-id='#toggle-id-3' class='toggler   av-inherit-font-color hasCustomColor av-inherit-border-color'  itemprop=\"headline\"  role='tab' tabindex='0' aria-controls='toggle-id-3'>Gi\u1edbi thi\u1ec7u v\u00e0 HHY M\u1ed9t s\u1ed1 c\u00e2u h\u1ecfi th\u01b0\u1eddng g\u1eb7p<span class=\"toggle_icon\"><span class=\"vert_icon\"><\/span><span class=\"hor_icon\"><\/span><\/span><\/p><div id='toggle-id-3' class='toggle_wrap'  ><div class='toggle_content invers-color av-inherit-font-color hasCustomColor av-inherit-border-color'  itemprop=\"text\" ><p>SMT\uff08c\u00f4ng ngh\u1ec7 g\u1eafn tr\u00ean b\u1ec1 m\u1eb7t)L\u00e0 m\u1ed9t k\u1ef9 thu\u1eadt g\u1eafn tr\u00ean b\u1ec1 m\u1eb7t trong \u0111\u00f3 c\u00e1c ph\u1ea7n t\u1eed g\u1eafn tr\u00ean SURface (c\u00e1c ph\u1ea7n t\u1eed kh\u00f4ng \u0111\u01b0\u1ee3c k\u1ebft n\u1ed1i b\u1eb1ng d\u00e2y) \u0111\u01b0\u1ee3c h\u00e0n tr\u1ef1c ti\u1ebfp v\u00e0o b\u1ea3ng m\u1ea1ch in b\u1eb1ng b\u1ec1 m\u1eb7t k\u1ebft n\u1ed1i c\u00f3 th\u1ec3 h\u00e0n \u0111\u01b0\u1ee3c<\/p>\n<\/div><\/div><\/div><\/section>\n<section class='av_toggle_section av-lmy7xith-3-db75070dc73b2d5db63ae62b8451309f'  itemscope=\"itemscope\" itemtype=\"https:\/\/schema.org\/CreativeWork\" ><div role=\"tablist\" class=\"single_toggle\" data-tags=\"{All} \"  ><p data-fake-id='#toggle-id-4' class='toggler   av-inherit-font-color hasCustomColor av-inherit-border-color'  itemprop=\"headline\"  role='tab' tabindex='0' aria-controls='toggle-id-4'>Gi\u1edbi thi\u1ec7u v\u00e0 HHY M\u1ed9t s\u1ed1 c\u00e2u h\u1ecfi th\u01b0\u1eddng g\u1eb7p<span class=\"toggle_icon\"><span class=\"vert_icon\"><\/span><span class=\"hor_icon\"><\/span><\/span><\/p><div id='toggle-id-4' class='toggle_wrap'  ><div class='toggle_content invers-color av-inherit-font-color hasCustomColor av-inherit-border-color'  itemprop=\"text\" ><p>Chuy\u1ec3n \u0111\u1ed5i n\u1ed9i dung \u1edf \u0111\u00e2y<\/p>\n<\/div><\/div><\/div><\/section>\n<section class='av_toggle_section av-lmy7xith-2-9a69c5b4261520c947f4f77639e65d4d'  itemscope=\"itemscope\" itemtype=\"https:\/\/schema.org\/CreativeWork\" ><div role=\"tablist\" class=\"single_toggle\" data-tags=\"{All} \"  ><p data-fake-id='#toggle-id-5' class='toggler   av-inherit-font-color hasCustomColor av-inherit-border-color'  itemprop=\"headline\"  role='tab' tabindex='0' aria-controls='toggle-id-5'>Gi\u1edbi thi\u1ec7u v\u00e0 HHY M\u1ed9t s\u1ed1 c\u00e2u h\u1ecfi th\u01b0\u1eddng g\u1eb7p<span class=\"toggle_icon\"><span class=\"vert_icon\"><\/span><span class=\"hor_icon\"><\/span><\/span><\/p><div id='toggle-id-5' class='toggle_wrap'  ><div class='toggle_content invers-color av-inherit-font-color hasCustomColor av-inherit-border-color'  itemprop=\"text\" ><p>Chuy\u1ec3n \u0111\u1ed5i n\u1ed9i dung \u1edf \u0111\u00e2y<\/p>\n<\/div><\/div><\/div><\/section>\n<section class='av_toggle_section av-lmy7xith-1-f63af487f939c4c745315d1444077fc0'  itemscope=\"itemscope\" itemtype=\"https:\/\/schema.org\/CreativeWork\" ><div role=\"tablist\" class=\"single_toggle\" data-tags=\"{All} \"  ><p data-fake-id='#toggle-id-6' class='toggler   av-inherit-font-color hasCustomColor av-inherit-border-color'  itemprop=\"headline\"  role='tab' tabindex='0' aria-controls='toggle-id-6'>Gi\u1edbi thi\u1ec7u v\u00e0 HHY M\u1ed9t s\u1ed1 c\u00e2u h\u1ecfi th\u01b0\u1eddng g\u1eb7p<span class=\"toggle_icon\"><span class=\"vert_icon\"><\/span><span class=\"hor_icon\"><\/span><\/span><\/p><div id='toggle-id-6' class='toggle_wrap'  ><div class='toggle_content invers-color av-inherit-font-color hasCustomColor av-inherit-border-color'  itemprop=\"text\" ><p>Chuy\u1ec3n \u0111\u1ed5i n\u1ed9i dung \u1edf \u0111\u00e2y<\/p>\n<\/div><\/div><\/div><\/section>\n<\/div><\/p><\/div><div class='flex_column av-2wlh6c-6166e96dcbe06af005e4102efdd8b34b av_one_fourth  avia-builder-el-8  el_after_av_one_half  avia-builder-el-last  flex_column_div'     ><\/div><\/p>","protected":false},"excerpt":{"rendered":"","protected":false},"author":8,"featured_media":0,"parent":0,"menu_order":0,"comment_status":"closed","ping_status":"closed","template":"","meta":{"footnotes":""},"class_list":["post-2100","page","type-page","status-publish","hentry"],"yoast_head":"<!-- This site is optimized with the Yoast SEO Premium plugin v22.8 (Yoast SEO v26.8) - https:\/\/yoast.com\/product\/yoast-seo-premium-wordpress\/ -->\n<title>FAQ - 1edo design<\/title>\n<meta name=\"description\" content=\"Answers to questions about website products, registration and login, payment and logistics, etc.\" \/>\n<meta name=\"robots\" content=\"index, follow, max-snippet:-1, max-image-preview:large, max-video-preview:-1\" \/>\n<link rel=\"canonical\" href=\"https:\/\/hk.1edotech.com\/vn\/cau-hoi-thuong-gap\/\" \/>\n<meta property=\"og:locale\" content=\"vi_VN\" \/>\n<meta property=\"og:type\" content=\"article\" \/>\n<meta property=\"og:title\" content=\"FAQ\" \/>\n<meta property=\"og:description\" content=\"Answers to questions about website products, registration and login, payment and logistics, etc.\" \/>\n<meta property=\"og:url\" content=\"https:\/\/hk.1edotech.com\/vn\/cau-hoi-thuong-gap\/\" \/>\n<meta property=\"og:site_name\" content=\"1edo design\" \/>\n<meta property=\"article:modified_time\" content=\"2024-06-14T10:58:15+00:00\" \/>\n<meta name=\"twitter:card\" content=\"summary_large_image\" \/>\n<meta name=\"twitter:label1\" content=\"\u01af\u1edbc t\u00ednh th\u1eddi gian \u0111\u1ecdc\" \/>\n\t<meta name=\"twitter:data1\" content=\"2 ph\u00fat\" \/>\n<script type=\"application\/ld+json\" class=\"yoast-schema-graph\">{\"@context\":\"https:\/\/schema.org\",\"@graph\":[{\"@type\":\"WebPage\",\"@id\":\"https:\/\/hk.1edotech.com\/vn\/cau-hoi-thuong-gap\/\",\"url\":\"https:\/\/hk.1edotech.com\/vn\/cau-hoi-thuong-gap\/\",\"name\":\"FAQ - 1edo design\",\"isPartOf\":{\"@id\":\"https:\/\/hk.1edotech.com\/in\/#website\"},\"datePublished\":\"2023-09-25T01:24:36+00:00\",\"dateModified\":\"2024-06-14T10:58:15+00:00\",\"description\":\"Answers to questions about website products, registration and login, payment and logistics, etc.\",\"breadcrumb\":{\"@id\":\"https:\/\/hk.1edotech.com\/vn\/cau-hoi-thuong-gap\/#breadcrumb\"},\"inLanguage\":\"vi\",\"potentialAction\":[{\"@type\":\"ReadAction\",\"target\":[\"https:\/\/hk.1edotech.com\/vn\/cau-hoi-thuong-gap\/\"]}]},{\"@type\":\"BreadcrumbList\",\"@id\":\"https:\/\/hk.1edotech.com\/vn\/cau-hoi-thuong-gap\/#breadcrumb\",\"itemListElement\":[{\"@type\":\"ListItem\",\"position\":1,\"name\":\"Home\",\"item\":\"https:\/\/hk.1edotech.com\/za\/\"},{\"@type\":\"ListItem\",\"position\":2,\"name\":\"FAQ\"}]},{\"@type\":\"WebSite\",\"@id\":\"https:\/\/hk.1edotech.com\/in\/#website\",\"url\":\"https:\/\/hk.1edotech.com\/in\/\",\"name\":\"1edo design\",\"description\":\"1edo design\",\"potentialAction\":[{\"@type\":\"SearchAction\",\"target\":{\"@type\":\"EntryPoint\",\"urlTemplate\":\"https:\/\/hk.1edotech.com\/in\/?s={search_term_string}\"},\"query-input\":{\"@type\":\"PropertyValueSpecification\",\"valueRequired\":true,\"valueName\":\"search_term_string\"}}],\"inLanguage\":\"vi\"}]}<\/script>\n<!-- \/ Yoast SEO Premium plugin. -->","yoast_head_json":{"title":"C\u00e2u h\u1ecfi th\u01b0\u1eddng g\u1eb7p - thi\u1ebft k\u1ebf 1edo","description":"Gi\u1ea3i \u0111\u00e1p c\u00e1c c\u00e2u h\u1ecfi v\u1ec1 s\u1ea3n ph\u1ea9m tr\u00ean website, \u0111\u0103ng k\u00fd v\u00e0 \u0111\u0103ng nh\u1eadp, thanh to\u00e1n v\u00e0 v\u1eadn chuy\u1ec3n, v.v.","robots":{"index":"index","follow":"follow","max-snippet":"max-snippet:-1","max-image-preview":"max-image-preview:large","max-video-preview":"max-video-preview:-1"},"canonical":"https:\/\/hk.1edotech.com\/vn\/cau-hoi-thuong-gap\/","og_locale":"vi_VN","og_type":"article","og_title":"FAQ","og_description":"Answers to questions about website products, registration and login, payment and logistics, etc.","og_url":"https:\/\/hk.1edotech.com\/vn\/cau-hoi-thuong-gap\/","og_site_name":"1edo design","article_modified_time":"2024-06-14T10:58:15+00:00","twitter_card":"summary_large_image","twitter_misc":{"\u01af\u1edbc t\u00ednh th\u1eddi gian \u0111\u1ecdc":"2 ph\u00fat"},"schema":{"@context":"https:\/\/schema.org","@graph":[{"@type":"WebPage","@id":"https:\/\/hk.1edotech.com\/vn\/cau-hoi-thuong-gap\/","url":"https:\/\/hk.1edotech.com\/vn\/cau-hoi-thuong-gap\/","name":"C\u00e2u h\u1ecfi th\u01b0\u1eddng g\u1eb7p - thi\u1ebft k\u1ebf 1edo","isPartOf":{"@id":"https:\/\/hk.1edotech.com\/in\/#website"},"datePublished":"2023-09-25T01:24:36+00:00","dateModified":"2024-06-14T10:58:15+00:00","description":"Gi\u1ea3i \u0111\u00e1p c\u00e1c c\u00e2u h\u1ecfi v\u1ec1 s\u1ea3n ph\u1ea9m tr\u00ean website, \u0111\u0103ng k\u00fd v\u00e0 \u0111\u0103ng nh\u1eadp, thanh to\u00e1n v\u00e0 v\u1eadn chuy\u1ec3n, v.v.","breadcrumb":{"@id":"https:\/\/hk.1edotech.com\/vn\/cau-hoi-thuong-gap\/#breadcrumb"},"inLanguage":"vi","potentialAction":[{"@type":"ReadAction","target":["https:\/\/hk.1edotech.com\/vn\/cau-hoi-thuong-gap\/"]}]},{"@type":"BreadcrumbList","@id":"https:\/\/hk.1edotech.com\/vn\/cau-hoi-thuong-gap\/#breadcrumb","itemListElement":[{"@type":"ListItem","position":1,"name":"Home","item":"https:\/\/hk.1edotech.com\/za\/"},{"@type":"ListItem","position":2,"name":"FAQ"}]},{"@type":"WebSite","@id":"https:\/\/hk.1edotech.com\/in\/#website","url":"https:\/\/hk.1edotech.com\/in\/","name":"thi\u1ebft k\u1ebf 1edo","description":"thi\u1ebft k\u1ebf 1edo","potentialAction":[{"@type":"SearchAction","target":{"@type":"EntryPoint","urlTemplate":"https:\/\/hk.1edotech.com\/in\/?s={search_term_string}"},"query-input":{"@type":"PropertyValueSpecification","valueRequired":true,"valueName":"search_term_string"}}],"inLanguage":"vi"}]}},"_links":{"self":[{"href":"https:\/\/1edotech.com\/vn\/wp-json\/wp\/v2\/pages\/2100","targetHints":{"allow":["GET"]}}],"collection":[{"href":"https:\/\/1edotech.com\/vn\/wp-json\/wp\/v2\/pages"}],"about":[{"href":"https:\/\/1edotech.com\/vn\/wp-json\/wp\/v2\/types\/page"}],"author":[{"embeddable":true,"href":"https:\/\/1edotech.com\/vn\/wp-json\/wp\/v2\/users\/8"}],"replies":[{"embeddable":true,"href":"https:\/\/1edotech.com\/vn\/wp-json\/wp\/v2\/comments?post=2100"}],"version-history":[{"count":0,"href":"https:\/\/1edotech.com\/vn\/wp-json\/wp\/v2\/pages\/2100\/revisions"}],"wp:attachment":[{"href":"https:\/\/1edotech.com\/vn\/wp-json\/wp\/v2\/media?parent=2100"}],"curies":[{"name":"trang web","href":"https:\/\/api.w.org\/{rel}","templated":true}]}}