{"id":504,"date":"2015-03-02T13:12:12","date_gmt":"2015-03-02T13:12:12","guid":{"rendered":"http:\/\/wp\/enfold-shop\/?page_id=16"},"modified":"2024-06-14T10:59:49","modified_gmt":"2024-06-14T10:59:49","slug":"home","status":"publish","type":"page","link":"https:\/\/1edotech.com\/vn\/","title":{"rendered":"Trang ch\u1ee7"},"content":{"rendered":"<div id='layer_slider_1'  class='avia-layerslider main_color avia-shadow  avia-builder-el-0  el_before_av_layout_row  avia-builder-el-first  container_wrap sidebar_right'  style='height: 816px;'  ><\/div>\n<div id='av-layout-grid-1'  class='av-layout-grid-container av-t3lco-12e13ee3b22ebe441dc4f13e7fa16d59 entry-content-wrapper main_color av-flex-cells  avia-builder-el-1  el_after_av_layerslider  el_before_av_codeblock  nocti_polly_vdshuwde grid-row-not-first  container_wrap sidebar_right'  >\n\n<style type=\"text\/css\" data-created_by=\"avia_inline_auto\" id=\"style-css-av-lmimg-83cc3a70c53b70b01cd1d5271242220a\">\n.flex_cell.av-lmimg-83cc3a70c53b70b01cd1d5271242220a{\nvertical-align:top;\nbackground-color:#ffffff;\n}\n.responsive #top #wrap_all .flex_cell.av-lmimg-83cc3a70c53b70b01cd1d5271242220a{\npadding:0px 0px 0px 0px !important;\n}\n\n@media only screen and (max-width: 479px){ \n.responsive #top #wrap_all .flex_cell.av-lmimg-83cc3a70c53b70b01cd1d5271242220a{\npadding:0% 0% 0% 0% !important;\n}\n}\n<\/style>\n<div class='flex_cell av-lmimg-83cc3a70c53b70b01cd1d5271242220a av-gridrow-cell av_one_full no_margin  avia-builder-el-2  avia-builder-el-no-sibling  av-zero-padding' ><div class='flex_cell_inner'><div class='flex_column av-df2tk-17fc90dd8054178d2ba4ab19ee254a91 av_one_full  avia-builder-el-3  avia-builder-el-no-sibling  first flex_column_div'     ><style type=\"text\/css\" data-created_by=\"avia_inline_auto\" id=\"style-css-av-axfyw-bcff8467b067d521d59cc6a5cbd266c1\">\n.avia-image-container.av-axfyw-bcff8467b067d521d59cc6a5cbd266c1 img.avia_image{\nbox-shadow:none;\n}\n.avia-image-container.av-axfyw-bcff8467b067d521d59cc6a5cbd266c1 .av-caption-image-overlay-bg{\nopacity:0.4;\n}\n.avia-image-container.av-axfyw-bcff8467b067d521d59cc6a5cbd266c1 .av-image-caption-overlay-center{\ncolor:#ffffff;\n}\n<\/style>\n<div  class='avia-image-container av-axfyw-bcff8467b067d521d59cc6a5cbd266c1 av-styling- avia-align-center  avia-builder-el-4  avia-builder-el-no-sibling  noHover av-overlay-hover-deactivate'   itemprop=\"image\" itemscope=\"itemscope\" itemtype=\"https:\/\/schema.org\/ImageObject\" ><div class=\"avia-image-container-inner\"><div class=\"avia-image-overlay-wrap\"><div class=\"av-image-caption-overlay\"><div class=\"av-caption-image-overlay-bg\"><\/div><div class=\"av-image-caption-overlay-position\"><div class=\"av-image-caption-overlay-center\"><p><a style=\"color: #fff; font-size: 17px;\" href=\"#\">T\u1eb7ng k\u00e8m b\u1ed9 d\u1ee5ng c\u1ee5 v\u1ec7 sinh AirPods mi\u1ec5n ph\u00ed khi mua b\u1ea5t k\u1ef3 s\u1ea3n ph\u1ea9m \u00e2m thanh n\u00e0o.*** Mua ngay<\/a><\/p>\n<\/div><\/div><\/div><img fetchpriority=\"high\" decoding=\"async\" class='wp-image-5786 avia-img-lazy-loading-not-5786 avia_image' src=\"https:\/\/1edotech.com\/wp-content\/uploads\/2024\/01\/1edo-b2c-1-2-home-new-06.jpg\" alt='' title='1edo-b2c-1-2-home-m\u1edbi-06' height=\"36\"  width=\"1921\" itemprop=\"thumbnailUrl\"  \/><\/div><\/div><\/div><\/div>\n<\/div><\/div>\n<\/div><div id='after_grid_row_1'  class='main_color av_default_container_wrap container_wrap sidebar_right'  ><div class='container av-section-cont-open' ><div class='template-page content  av-content-small alpha units'><div class='post-entry post-entry-type-page post-entry-504'><div class='entry-content-wrapper clearfix'>\n\n<\/div><\/div><\/div><!-- close content main div --><\/div><\/div><div id='av-layout-grid-2'  class='av-layout-grid-container av-to0ow-f5c86e93a0e40f6d95b6df0a037bd77b entry-content-wrapper main_color av-flex-cells  avia-builder-el-6  el_after_av_codeblock  el_before_av_codeblock  nocti_polly_vdshuwde grid-row-not-first  container_wrap sidebar_right'  >\n\n<style type=\"text\/css\" data-created_by=\"avia_inline_auto\" id=\"style-css-av-20qg0-3b23d2a10c6345f7088681ad6ea02654\">\n.flex_cell.av-20qg0-3b23d2a10c6345f7088681ad6ea02654{\nvertical-align:top;\nbackground-color:#ffffff;\n}\n.responsive #top #wrap_all .flex_cell.av-20qg0-3b23d2a10c6345f7088681ad6ea02654{\npadding:0px 0px 0px 0px !important;\n}\n\n@media only screen and (max-width: 479px){ \n.responsive #top #wrap_all .flex_cell.av-20qg0-3b23d2a10c6345f7088681ad6ea02654{\npadding:0% 0% 0% 0% !important;\n}\n}\n<\/style>\n<div class='flex_cell av-20qg0-3b23d2a10c6345f7088681ad6ea02654 av-gridrow-cell av_one_full no_margin  avia-builder-el-7  avia-builder-el-no-sibling  av-zero-padding' ><div class='flex_cell_inner'><div class='flex_column av-gd9co-cace3f00bcd42a5c945baf4295c75d35 av_one_full  avia-builder-el-8  avia-builder-el-no-sibling  first flex_column_div'     ><style type=\"text\/css\" data-created_by=\"avia_inline_auto\" id=\"style-css-av-aqy68-b50d99c13f4fbbd6fd6166793d4205f3\">\n.avia-image-container.av-aqy68-b50d99c13f4fbbd6fd6166793d4205f3 img.avia_image{\nbox-shadow:none;\n}\n.avia-image-container.av-aqy68-b50d99c13f4fbbd6fd6166793d4205f3 .av-image-caption-overlay-center{\ncolor:#ffffff;\n}\n<\/style>\n<div  class='avia-image-container av-aqy68-b50d99c13f4fbbd6fd6166793d4205f3 av-styling-no-styling avia-align-center  avia-builder-el-9  el_before_av_codeblock  avia-builder-el-first'   itemprop=\"image\" itemscope=\"itemscope\" itemtype=\"https:\/\/schema.org\/ImageObject\" ><div class=\"avia-image-container-inner\"><div class=\"avia-image-overlay-wrap\"><img decoding=\"async\" class='wp-image-7698 avia-img-lazy-loading-not-7698 avia_image' src=\"https:\/\/1edotech.com\/wp-content\/uploads\/2024\/04\/ssss.png\" alt='' title='ssss'  height=\"750\" width=\"1904\"  itemprop=\"thumbnailUrl\"  \/><\/div><\/div><\/div><br \/>\n<br \/>\n<\/p><\/div>\n<\/div><\/div>\n<\/div><div id='after_grid_row_2'  class='main_color av_default_container_wrap container_wrap sidebar_right'  ><div class='container av-section-cont-open' ><div class='template-page content  av-content-small alpha units'><div class='post-entry post-entry-type-page post-entry-504'><div class='entry-content-wrapper clearfix'>\n\n<\/div><\/div><\/div><!-- close content main div --><\/div><\/div><div id='av-layout-grid-3'  class='av-layout-grid-container av-gh9n4-2871ea27f80e0824ffc8f3b4d156b938 entry-content-wrapper main_color av-flex-cells  avia-builder-el-13  el_after_av_codeblock  el_before_av_codeblock  grid-row-not-first  container_wrap sidebar_right'  >\n\n<style type=\"text\/css\" data-created_by=\"avia_inline_auto\" id=\"style-css-av-ll66m6cu-ff4a7cfd3846f70f2fa389562943dde6\">\n.flex_cell.av-ll66m6cu-ff4a7cfd3846f70f2fa389562943dde6{\nvertical-align:top;\nbackground-color:#ffffff;\n}\n.responsive #top #wrap_all .flex_cell.av-ll66m6cu-ff4a7cfd3846f70f2fa389562943dde6{\npadding:4% 12.5% 5.2% 12.5% !important;\n}\n\n@media only screen and (max-width: 479px){ \n.responsive #top #wrap_all .flex_cell.av-ll66m6cu-ff4a7cfd3846f70f2fa389562943dde6{\npadding:4% 4% 4% 4% !important;\n}\n}\n<\/style>\n<div class='flex_cell av-ll66m6cu-ff4a7cfd3846f70f2fa389562943dde6 av-gridrow-cell av_one_full no_margin  avia-builder-el-14  avia-builder-el-no-sibling' ><div class='flex_cell_inner'><p>\n<style type=\"text\/css\" data-created_by=\"avia_inline_auto\" id=\"style-css-av-b8xjs-84cb9bee1f6271206720088f0851a0dc\">\n#top .flex_column.av-b8xjs-84cb9bee1f6271206720088f0851a0dc{\nmargin-top:0%;\nmargin-bottom:0%;\n}\n.flex_column.av-b8xjs-84cb9bee1f6271206720088f0851a0dc{\npadding:0% 0% 0% 0%;\n}\n.responsive #top #wrap_all .flex_column.av-b8xjs-84cb9bee1f6271206720088f0851a0dc{\nmargin-top:0%;\nmargin-bottom:0%;\n}\n\n@media only screen and (max-width: 479px){ \n#top .flex_column.av-b8xjs-84cb9bee1f6271206720088f0851a0dc{\nmargin-top:0%;\nmargin-bottom:0%;\n}\n.responsive #top #wrap_all .flex_column.av-b8xjs-84cb9bee1f6271206720088f0851a0dc{\nmargin-top:0%;\nmargin-bottom:0%;\n}\n}\n<\/style>\n<div class='flex_column av-b8xjs-84cb9bee1f6271206720088f0851a0dc av_one_full  avia-builder-el-15  el_before_av_one_full  avia-builder-el-first  first flex_column_div av-animated-generic top-to-bottom av-zero-column-padding'     ><p>\n<style type=\"text\/css\" data-created_by=\"avia_inline_auto\" id=\"style-css-av-ll66mp78-1ffc88ea8222cc237674cfeaec054926\">\n#top .av-special-heading.av-ll66mp78-1ffc88ea8222cc237674cfeaec054926{\nmargin:0% 0% 0% 0%;\npadding-bottom:0;\nfont-size:48px;\n}\nbody .av-special-heading.av-ll66mp78-1ffc88ea8222cc237674cfeaec054926 .av-special-heading-tag .heading-char{\nfont-size:25px;\n}\n#top #wrap_all .av-special-heading.av-ll66mp78-1ffc88ea8222cc237674cfeaec054926 .av-special-heading-tag{\nfont-size:48px;\npadding:0% 0% 0% 0%;\n}\n.av-special-heading.av-ll66mp78-1ffc88ea8222cc237674cfeaec054926 .av-subheading{\nfont-size:15px;\n}\n\n@media only screen and (max-width: 479px){ \n#top #wrap_all .av-special-heading.av-ll66mp78-1ffc88ea8222cc237674cfeaec054926 .av-special-heading-tag{\nfont-size:28px;\n}\n}\n\n@media only screen and (min-width: 480px) and (max-width: 767px){ \n#top #wrap_all .av-special-heading.av-ll66mp78-1ffc88ea8222cc237674cfeaec054926 .av-special-heading-tag{\nfont-size:0.8em;\n}\n}\n<\/style>\n<div  class='av-special-heading av-ll66mp78-1ffc88ea8222cc237674cfeaec054926 av-special-heading-h3 blockquote modern-quote  avia-builder-el-16  el_before_av_heading  avia-builder-el-first  av-inherit-size'><h3 class='av-special-heading-tag'  itemprop=\"headline\"  >T\u00e0i nguy\u00ean<\/h3><div class=\"special-heading-border\"><div class=\"special-heading-inner-border\"><\/div><\/div><\/div><br \/>\n\n<style type=\"text\/css\" data-created_by=\"avia_inline_auto\" id=\"style-css-av-ll66nbfo-f55b3e5401e74084fc9de6b3a572493c\">\n#top .av-special-heading.av-ll66nbfo-f55b3e5401e74084fc9de6b3a572493c{\nmargin:0% 0% 0% 0%;\npadding-bottom:0;\ncolor:#666666;\nfont-size:21px;\n}\nbody .av-special-heading.av-ll66nbfo-f55b3e5401e74084fc9de6b3a572493c .av-special-heading-tag .heading-char{\nfont-size:25px;\n}\n#top #wrap_all .av-special-heading.av-ll66nbfo-f55b3e5401e74084fc9de6b3a572493c .av-special-heading-tag{\nfont-size:21px;\npadding:0.3% 0% 4% 0%;\n}\n.av-special-heading.av-ll66nbfo-f55b3e5401e74084fc9de6b3a572493c .special-heading-inner-border{\nborder-color:#666666;\n}\n.av-special-heading.av-ll66nbfo-f55b3e5401e74084fc9de6b3a572493c .av-subheading{\nfont-size:15px;\n}\n\n@media only screen and (max-width: 479px){ \n#top #wrap_all .av-special-heading.av-ll66nbfo-f55b3e5401e74084fc9de6b3a572493c .av-special-heading-tag{\nfont-size:20px;\n}\n}\n\n@media only screen and (min-width: 480px) and (max-width: 767px){ \n#top #wrap_all .av-special-heading.av-ll66nbfo-f55b3e5401e74084fc9de6b3a572493c .av-special-heading-tag{\nfont-size:0.8em;\n}\n}\n<\/style>\n<div  class='av-special-heading av-ll66nbfo-f55b3e5401e74084fc9de6b3a572493c av-special-heading-h4 custom-color-heading blockquote modern-quote  avia-builder-el-17  el_after_av_heading  avia-builder-el-last  av-inherit-size'><h4 class='av-special-heading-tag'  itemprop=\"headline\"  >Kh\u00e1m ph\u00e1 th\u00eam v\u1ec1 1edo<\/h4><div class=\"special-heading-border\"><div class=\"special-heading-inner-border\"><\/div><\/div><\/div><\/p><\/div>\n<style type=\"text\/css\" data-created_by=\"avia_inline_auto\" id=\"style-css-av-ll66wc5q-5b445b51c7f5e5072b7af413b4264497\">\n#top .flex_column.av-ll66wc5q-5b445b51c7f5e5072b7af413b4264497{\nmargin-top:0%;\nmargin-bottom:0%;\n}\n.flex_column.av-ll66wc5q-5b445b51c7f5e5072b7af413b4264497{\npadding:0% 0% 0% 0%;\n}\n.responsive #top #wrap_all .flex_column.av-ll66wc5q-5b445b51c7f5e5072b7af413b4264497{\nmargin-top:0%;\nmargin-bottom:0%;\n}\n\n@media only screen and (max-width: 479px){ \n#top .flex_column.av-ll66wc5q-5b445b51c7f5e5072b7af413b4264497{\nmargin-top:0%;\nmargin-bottom:0%;\n}\n.responsive #top #wrap_all .flex_column.av-ll66wc5q-5b445b51c7f5e5072b7af413b4264497{\nmargin-top:0%;\nmargin-bottom:0%;\n}\n}\n<\/style>\n<div class='flex_column av-ll66wc5q-5b445b51c7f5e5072b7af413b4264497 av_one_full  avia-builder-el-18  el_after_av_one_full  avia-builder-el-last  nocti_polly_news first flex_column_div av-animated-generic bottom-to-top av-zero-column-padding column-top-margin'     ><\/div><\/p>\n<\/div><\/div>\n<\/div><div id='after_grid_row_3'  class='main_color av_default_container_wrap container_wrap sidebar_right'  ><div class='container av-section-cont-open' ><div class='template-page content  av-content-small alpha units'><div class='post-entry post-entry-type-page post-entry-504'><div class='entry-content-wrapper clearfix'>","protected":false},"excerpt":{"rendered":"","protected":false},"author":8,"featured_media":0,"parent":0,"menu_order":0,"comment_status":"closed","ping_status":"closed","template":"","meta":{"footnotes":""},"class_list":["post-504","page","type-page","status-publish","hentry"],"yoast_head":"<!-- This site is optimized with the Yoast SEO Premium plugin v22.8 (Yoast SEO v26.8) - https:\/\/yoast.com\/product\/yoast-seo-premium-wordpress\/ -->\n<title>Home - 1edo design<\/title>\n<meta name=\"description\" content=\"1edo is mainly engaged in portable chargers, design, high-powerR&amp;D, production and sales of mobile phone chargers and multi-function power adapters\" \/>\n<meta name=\"robots\" content=\"index, follow, max-snippet:-1, max-image-preview:large, max-video-preview:-1\" \/>\n<link rel=\"canonical\" href=\"https:\/\/hk.1edotech.com\/za\/\" \/>\n<meta property=\"og:locale\" content=\"vi_VN\" \/>\n<meta property=\"og:type\" content=\"article\" \/>\n<meta property=\"og:title\" content=\"Home\" \/>\n<meta property=\"og:description\" content=\"1edo is mainly engaged in portable chargers, design, high-powerR&amp;D, production and sales of mobile phone chargers and multi-function power adapters\" \/>\n<meta property=\"og:url\" content=\"https:\/\/hk.1edotech.com\/za\/\" \/>\n<meta property=\"og:site_name\" content=\"1edo design\" \/>\n<meta property=\"article:modified_time\" content=\"2024-06-14T10:59:49+00:00\" \/>\n<meta name=\"twitter:card\" content=\"summary_large_image\" \/>\n<meta name=\"twitter:label1\" content=\"\u01af\u1edbc t\u00ednh th\u1eddi gian \u0111\u1ecdc\" \/>\n\t<meta name=\"twitter:data1\" content=\"2 ph\u00fat\" \/>\n<script type=\"application\/ld+json\" class=\"yoast-schema-graph\">{\"@context\":\"https:\/\/schema.org\",\"@graph\":[{\"@type\":\"WebPage\",\"@id\":\"https:\/\/hk.1edotech.com\/za\/\",\"url\":\"https:\/\/hk.1edotech.com\/za\/\",\"name\":\"Home - 1edo design\",\"isPartOf\":{\"@id\":\"https:\/\/hk.1edotech.com\/in\/#website\"},\"datePublished\":\"2015-03-02T13:12:12+00:00\",\"dateModified\":\"2024-06-14T10:59:49+00:00\",\"description\":\"1edo is mainly engaged in portable chargers, design, high-powerR&D, production and sales of mobile phone chargers and multi-function power adapters\",\"breadcrumb\":{\"@id\":\"https:\/\/hk.1edotech.com\/za\/#breadcrumb\"},\"inLanguage\":\"vi\",\"potentialAction\":[{\"@type\":\"ReadAction\",\"target\":[\"https:\/\/hk.1edotech.com\/za\/\"]}]},{\"@type\":\"BreadcrumbList\",\"@id\":\"https:\/\/hk.1edotech.com\/za\/#breadcrumb\",\"itemListElement\":[{\"@type\":\"ListItem\",\"position\":1,\"name\":\"Home\",\"item\":\"https:\/\/hk.1edotech.com\/za\/\"},{\"@type\":\"ListItem\",\"position\":2,\"name\":\"Home\"}]},{\"@type\":\"WebSite\",\"@id\":\"https:\/\/hk.1edotech.com\/in\/#website\",\"url\":\"https:\/\/hk.1edotech.com\/in\/\",\"name\":\"1edo design\",\"description\":\"1edo design\",\"potentialAction\":[{\"@type\":\"SearchAction\",\"target\":{\"@type\":\"EntryPoint\",\"urlTemplate\":\"https:\/\/hk.1edotech.com\/in\/?s={search_term_string}\"},\"query-input\":{\"@type\":\"PropertyValueSpecification\",\"valueRequired\":true,\"valueName\":\"search_term_string\"}}],\"inLanguage\":\"vi\"}]}<\/script>\n<!-- \/ Yoast SEO Premium plugin. -->","yoast_head_json":{"title":"Trang ch\u1ee7 - 1edo thi\u1ebft k\u1ebf","description":"C\u00f4ng ty 1edo ch\u1ee7 y\u1ebfu ho\u1ea1t \u0111\u1ed9ng trong l\u0129nh v\u1ef1c s\u1ea1c d\u1ef1 ph\u00f2ng, thi\u1ebft k\u1ebf, nghi\u00ean c\u1ee9u v\u00e0 ph\u00e1t tri\u1ec3n c\u00f4ng ngh\u1ec7 cao, s\u1ea3n xu\u1ea5t v\u00e0 kinh doanh c\u00e1c lo\u1ea1i s\u1ea1c \u0111i\u1ec7n tho\u1ea1i di \u0111\u1ed9ng v\u00e0 b\u1ed9 chuy\u1ec3n \u0111\u1ed5i ngu\u1ed3n \u0111a ch\u1ee9c n\u0103ng.","robots":{"index":"index","follow":"follow","max-snippet":"max-snippet:-1","max-image-preview":"max-image-preview:large","max-video-preview":"max-video-preview:-1"},"canonical":"https:\/\/hk.1edotech.com\/za\/","og_locale":"vi_VN","og_type":"article","og_title":"Home","og_description":"1edo is mainly engaged in portable chargers, design, high-powerR&D, production and sales of mobile phone chargers and multi-function power adapters","og_url":"https:\/\/hk.1edotech.com\/za\/","og_site_name":"1edo design","article_modified_time":"2024-06-14T10:59:49+00:00","twitter_card":"summary_large_image","twitter_misc":{"\u01af\u1edbc t\u00ednh th\u1eddi gian \u0111\u1ecdc":"2 ph\u00fat"},"schema":{"@context":"https:\/\/schema.org","@graph":[{"@type":"WebPage","@id":"https:\/\/hk.1edotech.com\/za\/","url":"https:\/\/hk.1edotech.com\/za\/","name":"Trang ch\u1ee7 - 1edo thi\u1ebft k\u1ebf","isPartOf":{"@id":"https:\/\/hk.1edotech.com\/in\/#website"},"datePublished":"2015-03-02T13:12:12+00:00","dateModified":"2024-06-14T10:59:49+00:00","description":"C\u00f4ng ty 1edo ch\u1ee7 y\u1ebfu ho\u1ea1t \u0111\u1ed9ng trong l\u0129nh v\u1ef1c s\u1ea1c d\u1ef1 ph\u00f2ng, thi\u1ebft k\u1ebf, nghi\u00ean c\u1ee9u v\u00e0 ph\u00e1t tri\u1ec3n c\u00f4ng ngh\u1ec7 cao, s\u1ea3n xu\u1ea5t v\u00e0 kinh doanh c\u00e1c lo\u1ea1i s\u1ea1c \u0111i\u1ec7n tho\u1ea1i di \u0111\u1ed9ng v\u00e0 b\u1ed9 chuy\u1ec3n \u0111\u1ed5i ngu\u1ed3n \u0111a ch\u1ee9c n\u0103ng.","breadcrumb":{"@id":"https:\/\/hk.1edotech.com\/za\/#breadcrumb"},"inLanguage":"vi","potentialAction":[{"@type":"ReadAction","target":["https:\/\/hk.1edotech.com\/za\/"]}]},{"@type":"BreadcrumbList","@id":"https:\/\/hk.1edotech.com\/za\/#breadcrumb","itemListElement":[{"@type":"ListItem","position":1,"name":"Home","item":"https:\/\/hk.1edotech.com\/za\/"},{"@type":"ListItem","position":2,"name":"Home"}]},{"@type":"WebSite","@id":"https:\/\/hk.1edotech.com\/in\/#website","url":"https:\/\/hk.1edotech.com\/in\/","name":"thi\u1ebft k\u1ebf 1edo","description":"thi\u1ebft k\u1ebf 1edo","potentialAction":[{"@type":"SearchAction","target":{"@type":"EntryPoint","urlTemplate":"https:\/\/hk.1edotech.com\/in\/?s={search_term_string}"},"query-input":{"@type":"PropertyValueSpecification","valueRequired":true,"valueName":"search_term_string"}}],"inLanguage":"vi"}]}},"_links":{"self":[{"href":"https:\/\/1edotech.com\/vn\/wp-json\/wp\/v2\/pages\/504","targetHints":{"allow":["GET"]}}],"collection":[{"href":"https:\/\/1edotech.com\/vn\/wp-json\/wp\/v2\/pages"}],"about":[{"href":"https:\/\/1edotech.com\/vn\/wp-json\/wp\/v2\/types\/page"}],"author":[{"embeddable":true,"href":"https:\/\/1edotech.com\/vn\/wp-json\/wp\/v2\/users\/8"}],"replies":[{"embeddable":true,"href":"https:\/\/1edotech.com\/vn\/wp-json\/wp\/v2\/comments?post=504"}],"version-history":[{"count":211,"href":"https:\/\/1edotech.com\/vn\/wp-json\/wp\/v2\/pages\/504\/revisions"}],"predecessor-version":[{"id":2333,"href":"https:\/\/1edotech.com\/vn\/wp-json\/wp\/v2\/pages\/504\/revisions\/2333"}],"wp:attachment":[{"href":"https:\/\/1edotech.com\/vn\/wp-json\/wp\/v2\/media?parent=504"}],"curies":[{"name":"trang web","href":"https:\/\/api.w.org\/{rel}","templated":true}]}}